{"id":10841,"date":"2019-03-21T16:44:27","date_gmt":"2019-03-21T16:44:27","guid":{"rendered":"https:\/\/international-eisteddfod.co.uk\/?page_id=10841"},"modified":"2025-02-11T11:07:58","modified_gmt":"2025-02-11T11:07:58","slug":"inclusion-project","status":"publish","type":"page","link":"https:\/\/international-eisteddfod.co.uk\/cy\/take-part\/inclusion-project\/","title":{"rendered":"Prosiect Cynhwysiad"},"content":{"rendered":"<p><iframe loading=\"lazy\" style=\"height: 405px;\" src=\"https:\/\/www.youtube.com\/embed\/WbeiUtXg2eo\" width=\"100%\" height=\"405px\" frameborder=\"0\" allowfullscreen=\"allowfullscreen\"><\/iframe><\/p>\n<p><span style=\"font-weight: 400;\">Fel sefydliad sy\u2019n adnabyddus am groesawu lliaws o ymwelwyr byd-eang, flwyddyn ar \u00f4l blwyddyn, mae\u2019r Prosiect Cynhwysiad yn rhywbeth sydd yn agos iawn at galon pawb yma yn Eisteddfod Llangollen.<\/span><\/p>\n<p><span style=\"font-weight: 400;\">Rydym wedi ymrwymo i roi cyfleoedd cyfartal i bawb gael perfformio,\u00a0 parhau \u00e2 gwaith gwych y Prosiect Cynhwysiad sydd yn ei dro, yn galluogi pobl o bob llwybr bywyd i berfformio ar lwyfan y Pafiliwn Rhyngwladol Brenhinol.<\/span><\/p>\n<p><span style=\"font-weight: 400;\">Bob blwyddyn, rydym yn hynod lwcus i weithio gyda phobl angerddol, talentog ac ymroddedig.<\/span><\/p>\n<p>Am fwy o wybodaeth, cysylltwch \u00e2: Elise Jackson, Swyddog Ymgysylltu \u00e2&#8217;r Gymuned ff\u00f4n: 01978 862 000 e-bost: <a href=\"elise.jackson@llangollen.net\" target=\"_blank\" rel=\"noopener noreferrer\">elise.jackson@llangollen.net<\/a><\/p>","protected":false},"excerpt":{"rendered":"<p>Fel sefydliad sy\u2019n adnabyddus am groesawu lliaws o ymwelwyr byd-eang, flwyddyn ar \u00f4l blwyddyn, mae\u2019r Prosiect Cynhwysiad yn rhywbeth sydd yn agos iawn at galon pawb yma yn Eisteddfod Llangollen. Rydym wedi ymrwymo i roi cyfleoedd cyfartal i bawb gael perfformio,\u00a0 parhau \u00e2 gwaith gwych y Prosiect Cynhwysiad sydd yn ei dro, yn galluogi pobl&#8230;  <a class=\"excerpt-read-more\" href=\"https:\/\/international-eisteddfod.co.uk\/cy\/take-part\/inclusion-project\/\" title=\"Darllen Prosiect Cynhwysiad\">Darllen rhagor &raquo;<\/a><\/p>\n","protected":false},"author":10,"featured_media":0,"parent":38,"menu_order":0,"comment_status":"closed","ping_status":"closed","template":"","meta":{"_acf_changed":false,"footnotes":"","_links_to":"","_links_to_target":""},"class_list":["post-10841","page","type-page","status-publish","hentry"],"acf":[],"yoast_head":"<!-- This site is optimized with the Yoast SEO plugin v27.4 - https:\/\/yoast.com\/product\/yoast-seo-wordpress\/ -->\n<title>Prosiect Cynhwysiad - Eisteddfod Gerddorol Ryngwladol Llangollen<\/title>\n<meta name=\"description\" content=\"Every year at Llangollen International we\u2019re incredibly lucky to work with passionate, talented and dedicated people.\" \/>\n<meta name=\"robots\" content=\"noindex, follow\" \/>\n<meta property=\"og:locale\" content=\"en_US\" \/>\n<meta property=\"og:type\" content=\"article\" \/>\n<meta property=\"og:title\" content=\"[:en]Inclusion Project[:cy]Prosiect Cynhwysiad[:] - Eisteddfod Gerddorol Ryngwladol Llangollen\" \/>\n<meta property=\"og:description\" content=\"Every year at Llangollen International we\u2019re incredibly lucky to work with passionate, talented and dedicated people.\" \/>\n<meta property=\"og:url\" content=\"https:\/\/international-eisteddfod.co.uk\/take-part\/inclusion-project\/\" \/>\n<meta property=\"og:site_name\" content=\"Eisteddfod Gerddorol Ryngwladol Llangollen\" \/>\n<meta property=\"article:publisher\" content=\"https:\/\/www.facebook.com\/llangollen\" \/>\n<meta property=\"article:modified_time\" content=\"2025-02-11T11:07:58+00:00\" \/>\n<meta name=\"twitter:card\" content=\"summary_large_image\" \/>\n<meta name=\"twitter:site\" content=\"@llangollen_Eist\" \/>\n<meta name=\"twitter:label1\" content=\"Est. reading time\" \/>\n\t<meta name=\"twitter:data1\" content=\"1 munud\" \/>\n<script type=\"application\/ld+json\" class=\"yoast-schema-graph\">{\"@context\":\"https:\\\/\\\/schema.org\",\"@graph\":[{\"@type\":\"WebPage\",\"@id\":\"https:\\\/\\\/international-eisteddfod.co.uk\\\/take-part\\\/inclusion-project\\\/\",\"url\":\"https:\\\/\\\/international-eisteddfod.co.uk\\\/take-part\\\/inclusion-project\\\/\",\"name\":\"[:en]Inclusion Project[:cy]Prosiect Cynhwysiad[:] - Eisteddfod Gerddorol Ryngwladol Llangollen\",\"isPartOf\":{\"@id\":\"https:\\\/\\\/international-eisteddfod.co.uk\\\/#website\"},\"datePublished\":\"2019-03-21T16:44:27+00:00\",\"dateModified\":\"2025-02-11T11:07:58+00:00\",\"description\":\"Every year at Llangollen International we\u2019re incredibly lucky to work with passionate, talented and dedicated people.\",\"breadcrumb\":{\"@id\":\"https:\\\/\\\/international-eisteddfod.co.uk\\\/take-part\\\/inclusion-project\\\/#breadcrumb\"},\"inLanguage\":\"cy\",\"potentialAction\":[{\"@type\":\"ReadAction\",\"target\":[\"https:\\\/\\\/international-eisteddfod.co.uk\\\/take-part\\\/inclusion-project\\\/\"]}]},{\"@type\":\"BreadcrumbList\",\"@id\":\"https:\\\/\\\/international-eisteddfod.co.uk\\\/take-part\\\/inclusion-project\\\/#breadcrumb\",\"itemListElement\":[{\"@type\":\"ListItem\",\"position\":1,\"name\":\"Home\",\"item\":\"https:\\\/\\\/international-eisteddfod.co.uk\\\/\"},{\"@type\":\"ListItem\",\"position\":2,\"name\":\"Take Part\",\"item\":\"https:\\\/\\\/international-eisteddfod.co.uk\\\/take-part\\\/\"},{\"@type\":\"ListItem\",\"position\":3,\"name\":\"Inclusion Project\"}]},{\"@type\":\"WebSite\",\"@id\":\"https:\\\/\\\/international-eisteddfod.co.uk\\\/#website\",\"url\":\"https:\\\/\\\/international-eisteddfod.co.uk\\\/\",\"name\":\"Llangollen International Musical Eisteddfod\",\"description\":\"[:en]7 - 12 July 2026[:cy]7 - 12 Gorffenhaf 2025[:]\",\"publisher\":{\"@id\":\"https:\\\/\\\/international-eisteddfod.co.uk\\\/#organization\"},\"potentialAction\":[{\"@type\":\"SearchAction\",\"target\":{\"@type\":\"EntryPoint\",\"urlTemplate\":\"https:\\\/\\\/international-eisteddfod.co.uk\\\/?s={search_term_string}\"},\"query-input\":{\"@type\":\"PropertyValueSpecification\",\"valueRequired\":true,\"valueName\":\"search_term_string\"}}],\"inLanguage\":\"cy\"},{\"@type\":\"Organization\",\"@id\":\"https:\\\/\\\/international-eisteddfod.co.uk\\\/#organization\",\"name\":\"Llangollen International Musical Eisteddfod\",\"url\":\"https:\\\/\\\/international-eisteddfod.co.uk\\\/\",\"logo\":{\"@type\":\"ImageObject\",\"inLanguage\":\"cy\",\"@id\":\"https:\\\/\\\/international-eisteddfod.co.uk\\\/#\\\/schema\\\/logo\\\/image\\\/\",\"url\":\"https:\\\/\\\/i0.wp.com\\\/international-eisteddfod.co.uk\\\/wp-content\\\/uploads\\\/2024\\\/12\\\/2025-orange-full.jpg?fit=1024%2C341&ssl=1\",\"contentUrl\":\"https:\\\/\\\/i0.wp.com\\\/international-eisteddfod.co.uk\\\/wp-content\\\/uploads\\\/2024\\\/12\\\/2025-orange-full.jpg?fit=1024%2C341&ssl=1\",\"width\":1024,\"height\":341,\"caption\":\"Llangollen International Musical Eisteddfod\"},\"image\":{\"@id\":\"https:\\\/\\\/international-eisteddfod.co.uk\\\/#\\\/schema\\\/logo\\\/image\\\/\"},\"sameAs\":[\"https:\\\/\\\/www.facebook.com\\\/llangollen\",\"https:\\\/\\\/x.com\\\/llangollen_Eist\",\"https:\\\/\\\/www.linkedin.com\\\/in\\\/llangollen-international-musical-eisteddfod-376aa356\\\/\",\"https:\\\/\\\/www.youtube.com\\\/user\\\/Llangollen1947\"]}]}<\/script>\n<!-- \/ Yoast SEO plugin. -->","yoast_head_json":{"title":"[:en]Inclusion Project[:cy]Prosiect Cynhwysiad[:] - Eisteddfod Gerddorol Ryngwladol Llangollen","description":"Every year at Llangollen International we\u2019re incredibly lucky to work with passionate, talented and dedicated people.","robots":{"index":"noindex","follow":"follow"},"og_locale":"en_US","og_type":"article","og_title":"[:en]Inclusion Project[:cy]Prosiect Cynhwysiad[:] - Eisteddfod Gerddorol Ryngwladol Llangollen","og_description":"Every year at Llangollen International we\u2019re incredibly lucky to work with passionate, talented and dedicated people.","og_url":"https:\/\/international-eisteddfod.co.uk\/take-part\/inclusion-project\/","og_site_name":"Eisteddfod Gerddorol Ryngwladol Llangollen","article_publisher":"https:\/\/www.facebook.com\/llangollen","article_modified_time":"2025-02-11T11:07:58+00:00","twitter_card":"summary_large_image","twitter_site":"@llangollen_Eist","twitter_misc":{"Est. reading time":"1 munud"},"schema":{"@context":"https:\/\/schema.org","@graph":[{"@type":"WebPage","@id":"https:\/\/international-eisteddfod.co.uk\/take-part\/inclusion-project\/","url":"https:\/\/international-eisteddfod.co.uk\/take-part\/inclusion-project\/","name":"[:en]Inclusion Project[:cy]Prosiect Cynhwysiad[:] - Eisteddfod Gerddorol Ryngwladol Llangollen","isPartOf":{"@id":"https:\/\/international-eisteddfod.co.uk\/#website"},"datePublished":"2019-03-21T16:44:27+00:00","dateModified":"2025-02-11T11:07:58+00:00","description":"Every year at Llangollen International we\u2019re incredibly lucky to work with passionate, talented and dedicated people.","breadcrumb":{"@id":"https:\/\/international-eisteddfod.co.uk\/take-part\/inclusion-project\/#breadcrumb"},"inLanguage":"cy","potentialAction":[{"@type":"ReadAction","target":["https:\/\/international-eisteddfod.co.uk\/take-part\/inclusion-project\/"]}]},{"@type":"BreadcrumbList","@id":"https:\/\/international-eisteddfod.co.uk\/take-part\/inclusion-project\/#breadcrumb","itemListElement":[{"@type":"ListItem","position":1,"name":"Home","item":"https:\/\/international-eisteddfod.co.uk\/"},{"@type":"ListItem","position":2,"name":"Take Part","item":"https:\/\/international-eisteddfod.co.uk\/take-part\/"},{"@type":"ListItem","position":3,"name":"Inclusion Project"}]},{"@type":"WebSite","@id":"https:\/\/international-eisteddfod.co.uk\/#website","url":"https:\/\/international-eisteddfod.co.uk\/","name":"Llangollen International Musical Eisteddfod","description":"[:en]7 - 12 July 2026[:cy]7 - 12 Gorffenhaf 2025[:]","publisher":{"@id":"https:\/\/international-eisteddfod.co.uk\/#organization"},"potentialAction":[{"@type":"SearchAction","target":{"@type":"EntryPoint","urlTemplate":"https:\/\/international-eisteddfod.co.uk\/?s={search_term_string}"},"query-input":{"@type":"PropertyValueSpecification","valueRequired":true,"valueName":"search_term_string"}}],"inLanguage":"cy"},{"@type":"Organization","@id":"https:\/\/international-eisteddfod.co.uk\/#organization","name":"Llangollen International Musical Eisteddfod","url":"https:\/\/international-eisteddfod.co.uk\/","logo":{"@type":"ImageObject","inLanguage":"cy","@id":"https:\/\/international-eisteddfod.co.uk\/#\/schema\/logo\/image\/","url":"https:\/\/i0.wp.com\/international-eisteddfod.co.uk\/wp-content\/uploads\/2024\/12\/2025-orange-full.jpg?fit=1024%2C341&ssl=1","contentUrl":"https:\/\/i0.wp.com\/international-eisteddfod.co.uk\/wp-content\/uploads\/2024\/12\/2025-orange-full.jpg?fit=1024%2C341&ssl=1","width":1024,"height":341,"caption":"Llangollen International Musical Eisteddfod"},"image":{"@id":"https:\/\/international-eisteddfod.co.uk\/#\/schema\/logo\/image\/"},"sameAs":["https:\/\/www.facebook.com\/llangollen","https:\/\/x.com\/llangollen_Eist","https:\/\/www.linkedin.com\/in\/llangollen-international-musical-eisteddfod-376aa356\/","https:\/\/www.youtube.com\/user\/Llangollen1947"]}]}},"_links":{"self":[{"href":"https:\/\/international-eisteddfod.co.uk\/cy\/wp-json\/wp\/v2\/pages\/10841","targetHints":{"allow":["GET"]}}],"collection":[{"href":"https:\/\/international-eisteddfod.co.uk\/cy\/wp-json\/wp\/v2\/pages"}],"about":[{"href":"https:\/\/international-eisteddfod.co.uk\/cy\/wp-json\/wp\/v2\/types\/page"}],"author":[{"embeddable":true,"href":"https:\/\/international-eisteddfod.co.uk\/cy\/wp-json\/wp\/v2\/users\/10"}],"replies":[{"embeddable":true,"href":"https:\/\/international-eisteddfod.co.uk\/cy\/wp-json\/wp\/v2\/comments?post=10841"}],"version-history":[{"count":0,"href":"https:\/\/international-eisteddfod.co.uk\/cy\/wp-json\/wp\/v2\/pages\/10841\/revisions"}],"up":[{"embeddable":true,"href":"https:\/\/international-eisteddfod.co.uk\/cy\/wp-json\/wp\/v2\/pages\/38"}],"wp:attachment":[{"href":"https:\/\/international-eisteddfod.co.uk\/cy\/wp-json\/wp\/v2\/media?parent=10841"}],"curies":[{"name":"wp","href":"https:\/\/api.w.org\/{rel}","templated":true}]}}