{"id":2525,"date":"2015-04-09T13:29:31","date_gmt":"2015-04-09T13:29:31","guid":{"rendered":"https:\/\/international-eisteddfod.co.uk\/?page_id=2525"},"modified":"2025-02-11T11:13:29","modified_gmt":"2025-02-11T11:13:29","slug":"the-bursary-fund","status":"publish","type":"page","link":"https:\/\/international-eisteddfod.co.uk\/cy\/support-us\/the-bursary-fund\/","title":{"rendered":"Cronfa Bwrsariaeth"},"content":{"rendered":"<p><img data-recalc-dims=\"1\" loading=\"lazy\" decoding=\"async\" class=\"size-full wp-image-11875 alignleft\" src=\"https:\/\/i0.wp.com\/international-eisteddfod.co.uk\/wp-content\/uploads\/2019\/05\/dance-1.png?resize=1083%2C714&#038;ssl=1\" alt=\"\" width=\"1083\" height=\"714\" srcset=\"https:\/\/i0.wp.com\/international-eisteddfod.co.uk\/wp-content\/uploads\/2019\/05\/dance-1.png?w=1083&amp;ssl=1 1083w, https:\/\/i0.wp.com\/international-eisteddfod.co.uk\/wp-content\/uploads\/2019\/05\/dance-1.png?resize=300%2C198&amp;ssl=1 300w, https:\/\/i0.wp.com\/international-eisteddfod.co.uk\/wp-content\/uploads\/2019\/05\/dance-1.png?resize=768%2C506&amp;ssl=1 768w, https:\/\/i0.wp.com\/international-eisteddfod.co.uk\/wp-content\/uploads\/2019\/05\/dance-1.png?resize=1024%2C675&amp;ssl=1 1024w, https:\/\/i0.wp.com\/international-eisteddfod.co.uk\/wp-content\/uploads\/2019\/05\/dance-1.png?resize=400%2C264&amp;ssl=1 400w, https:\/\/i0.wp.com\/international-eisteddfod.co.uk\/wp-content\/uploads\/2019\/05\/dance-1.png?resize=600%2C396&amp;ssl=1 600w\" sizes=\"auto, (max-width: 1000px) 100vw, 1000px\" \/><\/p>\n<p>&nbsp;<\/p>\n<p>&nbsp;<\/p>\n<p>&nbsp;<\/p>\n<p>Mae tua 4,000 o berfformwyr yn ymweld ag Eisteddfod Gerddorol Ryngwladol Llangollen bob blwyddyn i ganu a dawnsio mewn cyfuniad unigryw o gystadlu, perfformio, a heddwch\u00a0a chyfeillgarwch rhyngwladol. I lawer mae&#8217;r daith i Langollen yn golygu cost sylweddol ac mae&#8217;r Gronfa Fwrsariaeth yn ffordd o ddarparu rhywfaint o gymorth ariannol i grwpiau, a&#8217;u cefnogi yn ystod eu hymweliad.<\/p>\n<p>Mae&#8217;r gronfa bwrsariaeth yn agored i bob cystadleuydd a phenderfynir ar geisiadau yn \u00f4l angen, teilyngdod artistig a&#8217;n dymuniad i wneud yr Eisteddfod mor amrywiol a hygyrch \u00e2 phosibl. Gall dyfarniad o&#8217;r Gronfa Fwrsariaeth wneud gwahaniaeth sylweddol i allu gr\u0175p i fynychu&#8217;r Eisteddfod. Dyma beth mae wedi\u2019i olygu i gystadleuwyr diweddar:<\/p>\n<p><em>\u201cTeuluoedd y rhai sy\u2019n cymryd rhan yn y gystadleuaeth sy\u2019n talu am y daith er mwyn rhoi cyfle i&#8217;r cantorion ifanc hyn hyrwyddo cerddoriaeth gorawl Estonia dramor. Oherwydd y costau teithio uchel mae&#8217; cymryd rhan yn costio\u2019n eithaf drud. Roedd ein c\u00f4r mor hapus i dderbyn arian gan y Fwrsariaeth. Diolch yn fawr! \u201d<\/em> <strong>C\u00f4r Ysgol Gorawl Musamari, Estonia<\/strong><\/p>\n<p><em>\u00a0\u201cByddwn wir yn gwerthfawrogi eich help!\u201d <\/em><strong>C\u00f4r Ysgol Economeg Warsaw<\/strong><\/p>\n<p><em>\u201cNid yw&#8217;r rhan fwyaf o&#8217;n haelodau yn annibynnol yn ariannol, oherwydd bod hanner ohonynt yn dal i fod yn fyfyrwyr a\u2019r 20 y cant arall newydd adael ysgol. Pe bai\u2019n rhaid i fyfyrwyr coleg brynu eu tocynnau awyren eu hunain, mi fyddai&#8217;n cymryd tua wyth mis iddyn nhw gynilo arian i allu gwneud hynny. Diolch i chi am eich cefnogaeth i&#8217;n galluogi i gyflawni ein gweledigaeth i wneud byd celfyddyd gorawl mwy rhydd, amrywiol a ffrwythlon.\u201d<\/em> <strong>C\u00f4r Ching-Yun, Taiwan<\/strong><\/p>\n<p><em>\u201cMae&#8217;r rhan fwyaf o&#8217;n dysgwyr ysgol yn dod o gymunedau difreintiedig tlawd. Prin fod ganddyn nhw ddigon i gael bwyd ar eu bwrdd. Ond mae ganddyn nhw gariad at gerddoriaeth\u2026 diolch i&#8217;r Cyllid Bwrsariaeth gallwn ddangos a\u2019u hysgogi bod modd iddyn nhw fynd yn bell gyda cherddoriaeth gorawl.\u201d <\/em><strong>Commtech C\/S, De Affrica<\/strong><\/p>\n<p>Rydym yn croesawu rhoddion i&#8217;r Gronfa Fwrsariaeth a bydd yr holl gyfraniadau o fudd uniongyrchol i\u2019r cystadleuwyr sydd wrth galon yr Eisteddfod.<\/p>\n<p><strong>Sut mae\u2019ch arian chi\u2019n gallu gwneud gwahaniaeth:<\/strong><\/p>\n<ul>\n<li>Mae \u00a325 yn prynu tri phryd i gystadleuydd ar faes yr Eisteddfod<\/li>\n<li>Mae \u00a345 yn talu i gystadleuwyr ddod ar fws o\u2019r maes awyr i Langollen<\/li>\n<li>Mae \u00a3150 yn prynu visa i\u2019r DU i un cystadleuydd<\/li>\n<li>Mae \u00a3220 yn prynu tlws i enillydd cystadleuaeth<\/li>\n<\/ul>\n<p>&nbsp;<\/p>","protected":false},"excerpt":{"rendered":"<p>&nbsp; &nbsp; &nbsp; Mae tua 4,000 o berfformwyr yn ymweld ag Eisteddfod Gerddorol Ryngwladol Llangollen bob blwyddyn i ganu a dawnsio mewn cyfuniad unigryw o gystadlu, perfformio, a heddwch\u00a0a chyfeillgarwch rhyngwladol. I lawer mae&#8217;r daith i Langollen yn golygu cost sylweddol ac mae&#8217;r Gronfa Fwrsariaeth yn ffordd o ddarparu rhywfaint o gymorth ariannol i grwpiau,&#8230;  <a class=\"excerpt-read-more\" href=\"https:\/\/international-eisteddfod.co.uk\/cy\/support-us\/the-bursary-fund\/\" title=\"Darllen Cronfa Bwrsariaeth\">Darllen rhagor &raquo;<\/a><\/p>\n","protected":false},"author":10,"featured_media":0,"parent":16344,"menu_order":0,"comment_status":"closed","ping_status":"closed","template":"page-spektrix-donations.php","meta":{"_acf_changed":false,"footnotes":"","_links_to":"","_links_to_target":""},"class_list":["post-2525","page","type-page","status-publish","hentry"],"acf":[],"yoast_head":"<!-- This site is optimized with the Yoast SEO plugin v27.4 - https:\/\/yoast.com\/product\/yoast-seo-wordpress\/ -->\n<title>Cronfa Bwrsariaeth - Eisteddfod Gerddorol Ryngwladol Llangollen<\/title>\n<meta name=\"description\" content=\"Every year the Llangollen Eisteddfod offers funding totalling around \u00a330,000 to groups visiting Llangollen.\" \/>\n<meta name=\"robots\" content=\"noindex, follow\" \/>\n<meta property=\"og:locale\" content=\"en_US\" \/>\n<meta property=\"og:type\" content=\"article\" \/>\n<meta property=\"og:title\" content=\"[:en]Bursary Fund[:cy]Cronfa Bwrsariaeth[:] - Eisteddfod Gerddorol Ryngwladol Llangollen\" \/>\n<meta property=\"og:description\" content=\"Every year the Llangollen Eisteddfod offers funding totalling around \u00a330,000 to groups visiting Llangollen.\" \/>\n<meta property=\"og:url\" content=\"https:\/\/international-eisteddfod.co.uk\/support-us\/the-bursary-fund\/\" \/>\n<meta property=\"og:site_name\" content=\"Eisteddfod Gerddorol Ryngwladol Llangollen\" \/>\n<meta property=\"article:publisher\" content=\"https:\/\/www.facebook.com\/llangollen\" \/>\n<meta property=\"article:modified_time\" content=\"2025-02-11T11:13:29+00:00\" \/>\n<meta property=\"og:image\" content=\"https:\/\/i0.wp.com\/international-eisteddfod.co.uk\/wp-content\/uploads\/2019\/05\/dance-1.png?fit=1083%2C714&ssl=1\" \/>\n\t<meta property=\"og:image:width\" content=\"1083\" \/>\n\t<meta property=\"og:image:height\" content=\"714\" \/>\n\t<meta property=\"og:image:type\" content=\"image\/png\" \/>\n<meta name=\"twitter:card\" content=\"summary_large_image\" \/>\n<meta name=\"twitter:site\" content=\"@llangollen_Eist\" \/>\n<meta name=\"twitter:label1\" content=\"Est. reading time\" \/>\n\t<meta name=\"twitter:data1\" content=\"2 funud\" \/>\n<script type=\"application\/ld+json\" class=\"yoast-schema-graph\">{\"@context\":\"https:\\\/\\\/schema.org\",\"@graph\":[{\"@type\":\"WebPage\",\"@id\":\"https:\\\/\\\/international-eisteddfod.co.uk\\\/support-us\\\/the-bursary-fund\\\/\",\"url\":\"https:\\\/\\\/international-eisteddfod.co.uk\\\/support-us\\\/the-bursary-fund\\\/\",\"name\":\"[:en]Bursary Fund[:cy]Cronfa Bwrsariaeth[:] - Eisteddfod Gerddorol Ryngwladol Llangollen\",\"isPartOf\":{\"@id\":\"https:\\\/\\\/international-eisteddfod.co.uk\\\/#website\"},\"primaryImageOfPage\":{\"@id\":\"https:\\\/\\\/international-eisteddfod.co.uk\\\/support-us\\\/the-bursary-fund\\\/#primaryimage\"},\"image\":{\"@id\":\"https:\\\/\\\/international-eisteddfod.co.uk\\\/support-us\\\/the-bursary-fund\\\/#primaryimage\"},\"thumbnailUrl\":\"https:\\\/\\\/international-eisteddfod.co.uk\\\/wp-content\\\/uploads\\\/2019\\\/05\\\/dance-1.png\",\"datePublished\":\"2015-04-09T13:29:31+00:00\",\"dateModified\":\"2025-02-11T11:13:29+00:00\",\"description\":\"Every year the Llangollen Eisteddfod offers funding totalling around \u00a330,000 to groups visiting Llangollen.\",\"breadcrumb\":{\"@id\":\"https:\\\/\\\/international-eisteddfod.co.uk\\\/support-us\\\/the-bursary-fund\\\/#breadcrumb\"},\"inLanguage\":\"cy\",\"potentialAction\":[{\"@type\":\"ReadAction\",\"target\":[\"https:\\\/\\\/international-eisteddfod.co.uk\\\/support-us\\\/the-bursary-fund\\\/\"]}]},{\"@type\":\"ImageObject\",\"inLanguage\":\"cy\",\"@id\":\"https:\\\/\\\/international-eisteddfod.co.uk\\\/support-us\\\/the-bursary-fund\\\/#primaryimage\",\"url\":\"https:\\\/\\\/international-eisteddfod.co.uk\\\/wp-content\\\/uploads\\\/2019\\\/05\\\/dance-1.png\",\"contentUrl\":\"https:\\\/\\\/international-eisteddfod.co.uk\\\/wp-content\\\/uploads\\\/2019\\\/05\\\/dance-1.png\"},{\"@type\":\"BreadcrumbList\",\"@id\":\"https:\\\/\\\/international-eisteddfod.co.uk\\\/support-us\\\/the-bursary-fund\\\/#breadcrumb\",\"itemListElement\":[{\"@type\":\"ListItem\",\"position\":1,\"name\":\"Home\",\"item\":\"https:\\\/\\\/international-eisteddfod.co.uk\\\/\"},{\"@type\":\"ListItem\",\"position\":2,\"name\":\"Support Us\",\"item\":\"https:\\\/\\\/international-eisteddfod.co.uk\\\/support-us\\\/\"},{\"@type\":\"ListItem\",\"position\":3,\"name\":\"Bursary Fund\"}]},{\"@type\":\"WebSite\",\"@id\":\"https:\\\/\\\/international-eisteddfod.co.uk\\\/#website\",\"url\":\"https:\\\/\\\/international-eisteddfod.co.uk\\\/\",\"name\":\"Llangollen International Musical Eisteddfod\",\"description\":\"[:en]7 - 12 July 2026[:cy]7 - 12 Gorffenhaf 2025[:]\",\"publisher\":{\"@id\":\"https:\\\/\\\/international-eisteddfod.co.uk\\\/#organization\"},\"potentialAction\":[{\"@type\":\"SearchAction\",\"target\":{\"@type\":\"EntryPoint\",\"urlTemplate\":\"https:\\\/\\\/international-eisteddfod.co.uk\\\/?s={search_term_string}\"},\"query-input\":{\"@type\":\"PropertyValueSpecification\",\"valueRequired\":true,\"valueName\":\"search_term_string\"}}],\"inLanguage\":\"cy\"},{\"@type\":\"Organization\",\"@id\":\"https:\\\/\\\/international-eisteddfod.co.uk\\\/#organization\",\"name\":\"Llangollen International Musical Eisteddfod\",\"url\":\"https:\\\/\\\/international-eisteddfod.co.uk\\\/\",\"logo\":{\"@type\":\"ImageObject\",\"inLanguage\":\"cy\",\"@id\":\"https:\\\/\\\/international-eisteddfod.co.uk\\\/#\\\/schema\\\/logo\\\/image\\\/\",\"url\":\"https:\\\/\\\/i0.wp.com\\\/international-eisteddfod.co.uk\\\/wp-content\\\/uploads\\\/2024\\\/12\\\/2025-orange-full.jpg?fit=1024%2C341&ssl=1\",\"contentUrl\":\"https:\\\/\\\/i0.wp.com\\\/international-eisteddfod.co.uk\\\/wp-content\\\/uploads\\\/2024\\\/12\\\/2025-orange-full.jpg?fit=1024%2C341&ssl=1\",\"width\":1024,\"height\":341,\"caption\":\"Llangollen International Musical Eisteddfod\"},\"image\":{\"@id\":\"https:\\\/\\\/international-eisteddfod.co.uk\\\/#\\\/schema\\\/logo\\\/image\\\/\"},\"sameAs\":[\"https:\\\/\\\/www.facebook.com\\\/llangollen\",\"https:\\\/\\\/x.com\\\/llangollen_Eist\",\"https:\\\/\\\/www.linkedin.com\\\/in\\\/llangollen-international-musical-eisteddfod-376aa356\\\/\",\"https:\\\/\\\/www.youtube.com\\\/user\\\/Llangollen1947\"]}]}<\/script>\n<!-- \/ Yoast SEO plugin. -->","yoast_head_json":{"title":"[:en]Bursary Fund[:cy]Cronfa Bwrsariaeth[:] - Eisteddfod Gerddorol Ryngwladol Llangollen","description":"Every year the Llangollen Eisteddfod offers funding totalling around \u00a330,000 to groups visiting Llangollen.","robots":{"index":"noindex","follow":"follow"},"og_locale":"en_US","og_type":"article","og_title":"[:en]Bursary Fund[:cy]Cronfa Bwrsariaeth[:] - Eisteddfod Gerddorol Ryngwladol Llangollen","og_description":"Every year the Llangollen Eisteddfod offers funding totalling around \u00a330,000 to groups visiting Llangollen.","og_url":"https:\/\/international-eisteddfod.co.uk\/support-us\/the-bursary-fund\/","og_site_name":"Eisteddfod Gerddorol Ryngwladol Llangollen","article_publisher":"https:\/\/www.facebook.com\/llangollen","article_modified_time":"2025-02-11T11:13:29+00:00","og_image":[{"width":1083,"height":714,"url":"https:\/\/i0.wp.com\/international-eisteddfod.co.uk\/wp-content\/uploads\/2019\/05\/dance-1.png?fit=1083%2C714&ssl=1","type":"image\/png"}],"twitter_card":"summary_large_image","twitter_site":"@llangollen_Eist","twitter_misc":{"Est. reading time":"2 funud"},"schema":{"@context":"https:\/\/schema.org","@graph":[{"@type":"WebPage","@id":"https:\/\/international-eisteddfod.co.uk\/support-us\/the-bursary-fund\/","url":"https:\/\/international-eisteddfod.co.uk\/support-us\/the-bursary-fund\/","name":"[:en]Bursary Fund[:cy]Cronfa Bwrsariaeth[:] - Eisteddfod Gerddorol Ryngwladol Llangollen","isPartOf":{"@id":"https:\/\/international-eisteddfod.co.uk\/#website"},"primaryImageOfPage":{"@id":"https:\/\/international-eisteddfod.co.uk\/support-us\/the-bursary-fund\/#primaryimage"},"image":{"@id":"https:\/\/international-eisteddfod.co.uk\/support-us\/the-bursary-fund\/#primaryimage"},"thumbnailUrl":"https:\/\/international-eisteddfod.co.uk\/wp-content\/uploads\/2019\/05\/dance-1.png","datePublished":"2015-04-09T13:29:31+00:00","dateModified":"2025-02-11T11:13:29+00:00","description":"Every year the Llangollen Eisteddfod offers funding totalling around \u00a330,000 to groups visiting Llangollen.","breadcrumb":{"@id":"https:\/\/international-eisteddfod.co.uk\/support-us\/the-bursary-fund\/#breadcrumb"},"inLanguage":"cy","potentialAction":[{"@type":"ReadAction","target":["https:\/\/international-eisteddfod.co.uk\/support-us\/the-bursary-fund\/"]}]},{"@type":"ImageObject","inLanguage":"cy","@id":"https:\/\/international-eisteddfod.co.uk\/support-us\/the-bursary-fund\/#primaryimage","url":"https:\/\/international-eisteddfod.co.uk\/wp-content\/uploads\/2019\/05\/dance-1.png","contentUrl":"https:\/\/international-eisteddfod.co.uk\/wp-content\/uploads\/2019\/05\/dance-1.png"},{"@type":"BreadcrumbList","@id":"https:\/\/international-eisteddfod.co.uk\/support-us\/the-bursary-fund\/#breadcrumb","itemListElement":[{"@type":"ListItem","position":1,"name":"Home","item":"https:\/\/international-eisteddfod.co.uk\/"},{"@type":"ListItem","position":2,"name":"Support Us","item":"https:\/\/international-eisteddfod.co.uk\/support-us\/"},{"@type":"ListItem","position":3,"name":"Bursary Fund"}]},{"@type":"WebSite","@id":"https:\/\/international-eisteddfod.co.uk\/#website","url":"https:\/\/international-eisteddfod.co.uk\/","name":"Llangollen International Musical Eisteddfod","description":"[:en]7 - 12 July 2026[:cy]7 - 12 Gorffenhaf 2025[:]","publisher":{"@id":"https:\/\/international-eisteddfod.co.uk\/#organization"},"potentialAction":[{"@type":"SearchAction","target":{"@type":"EntryPoint","urlTemplate":"https:\/\/international-eisteddfod.co.uk\/?s={search_term_string}"},"query-input":{"@type":"PropertyValueSpecification","valueRequired":true,"valueName":"search_term_string"}}],"inLanguage":"cy"},{"@type":"Organization","@id":"https:\/\/international-eisteddfod.co.uk\/#organization","name":"Llangollen International Musical Eisteddfod","url":"https:\/\/international-eisteddfod.co.uk\/","logo":{"@type":"ImageObject","inLanguage":"cy","@id":"https:\/\/international-eisteddfod.co.uk\/#\/schema\/logo\/image\/","url":"https:\/\/i0.wp.com\/international-eisteddfod.co.uk\/wp-content\/uploads\/2024\/12\/2025-orange-full.jpg?fit=1024%2C341&ssl=1","contentUrl":"https:\/\/i0.wp.com\/international-eisteddfod.co.uk\/wp-content\/uploads\/2024\/12\/2025-orange-full.jpg?fit=1024%2C341&ssl=1","width":1024,"height":341,"caption":"Llangollen International Musical Eisteddfod"},"image":{"@id":"https:\/\/international-eisteddfod.co.uk\/#\/schema\/logo\/image\/"},"sameAs":["https:\/\/www.facebook.com\/llangollen","https:\/\/x.com\/llangollen_Eist","https:\/\/www.linkedin.com\/in\/llangollen-international-musical-eisteddfod-376aa356\/","https:\/\/www.youtube.com\/user\/Llangollen1947"]}]}},"_links":{"self":[{"href":"https:\/\/international-eisteddfod.co.uk\/cy\/wp-json\/wp\/v2\/pages\/2525","targetHints":{"allow":["GET"]}}],"collection":[{"href":"https:\/\/international-eisteddfod.co.uk\/cy\/wp-json\/wp\/v2\/pages"}],"about":[{"href":"https:\/\/international-eisteddfod.co.uk\/cy\/wp-json\/wp\/v2\/types\/page"}],"author":[{"embeddable":true,"href":"https:\/\/international-eisteddfod.co.uk\/cy\/wp-json\/wp\/v2\/users\/10"}],"replies":[{"embeddable":true,"href":"https:\/\/international-eisteddfod.co.uk\/cy\/wp-json\/wp\/v2\/comments?post=2525"}],"version-history":[{"count":0,"href":"https:\/\/international-eisteddfod.co.uk\/cy\/wp-json\/wp\/v2\/pages\/2525\/revisions"}],"up":[{"embeddable":true,"href":"https:\/\/international-eisteddfod.co.uk\/cy\/wp-json\/wp\/v2\/pages\/16344"}],"wp:attachment":[{"href":"https:\/\/international-eisteddfod.co.uk\/cy\/wp-json\/wp\/v2\/media?parent=2525"}],"curies":[{"name":"wp","href":"https:\/\/api.w.org\/{rel}","templated":true}]}}