{"id":2567,"date":"2015-05-21T13:29:49","date_gmt":"2015-05-21T13:29:49","guid":{"rendered":"https:\/\/international-eisteddfod.co.uk\/?page_id=2567"},"modified":"2025-01-30T13:58:38","modified_gmt":"2025-01-30T13:58:38","slug":"terms-and-conditions","status":"publish","type":"page","link":"https:\/\/international-eisteddfod.co.uk\/cy\/about-us\/contact\/terms-and-conditions\/","title":{"rendered":"Telerau ac Amodau Eisteddfod Gerddorol Ryngwladol Llangollen"},"content":{"rendered":"<p>Rydym wedi ymrwymo i gynnal digwyddiad Covid diogel. Mae gennym eisoes fesurau penodol ar waith i sicrhau bod ein cynulleidfaoedd yn cael eu hamddiffyn ac yn gallu ymlacio a mwynhau awyrgylch hyfryd yr \u0175yl, tra\u2019n gwybod bod pob rhagofal wedi\u2019i gymryd. Ar gyfer 2022 mae&#8217;r rhain yn cynnwys lleoliad llai, er mwyn sicrhau y gallwn reoli nifer yr ymwelwyr \u00e2&#8217;n safle yn ofalus, yn ogystal \u00e2 gweithdrefnau hylendid gwell.<\/p>\n<p>Gan fod y canllawiau ar gyfer Covid-19 yn newid yn rheolaidd, rydym yn cadw llygad barcud ar gyngor Llywodraeth Cymru ynghylch digwyddiadau mawr, a byddwn yn rhoi manylion llawn i ddeiliaid tocynnau yn nes at fis Gorffennaf. Os hoffech weld y cyngor diweddaraf ewch i: <a href=\"https:\/\/llyw.cymru\/coronafeirws\">https:\/\/llyw.cymru\/coronafeirws<\/a> a <a href=\"https:\/\/www.croeso.cymru\/cy\/coronafeirws\">https:\/\/www.croeso.cymru\/cy\/coronafeirws<\/a><\/p>\n<p>Rhoddir y tocyn hwn ar ran y cyflwynydd , sef Eisteddfod Gerddorol Ryngwladol Llangollen ac mae&#8217;n ddarostyngedig i&#8217;r telerau ac amodau canlynol.<\/p>\n<ol>\n<li>    Once purchased, tickets cannot be exchanged, refunded or returned, and are valid on the date\/time specified only.<\/li>\n<li>    Tickets can only be exchanged or refunded in the case of a cancelled performance.<\/li>\n<li>    Once you have printed or received your tickets, please keep them in a safe place as we cannot accept duplicates, copies or other alternative tickets of any kind.<\/li>\n<li>    Unlawful resale or attempted unlawful resale of a ticket is grounds for seizure or cancellation of that ticket without refund or other compensation.<\/li>\n<li>Ni chaniateir mynediad i neb i&#8217;r digwyddiad hwn heb docyn neu gerdyn p\u00e0s dilys.<\/li>\n<li>Er mwyn diogelwch y bobl yn y digwyddiad, mae rheolwyr y lleoliad ac Eisteddfod Gerddorol Ryngwladol Llangollen yn cadw\u2019r hawl i wrthod mynediad a chynnal chwiliadau diogelwch. Ni ddylech ddod ag alcohol neu unrhyw eitemau gyda chi nad ydynt yn hanfodol (fel cadeiriau gwersylla) gan y bydd y rhain yn cael eu hatafaelu wrth y fynedfa ac ni fyddant yn cael eu dychwelyd.<\/li>\n<li>Mae Eisteddfod Gerddorol Ryngwladol Llangollen yn cadw&#8217;r hawl i newid neu amrywio&#8217;r cynnwys neu amseriad y cyfan neu unrhyw ran o&#8217;r digwyddiad o dan amgylchiadau sydd y tu hwnt i&#8217;w rheolaeth resymol heb unrhyw rwymedigaeth i wneud unrhyw drefniant ar gyfer ad-dalu neu gyfnewid tocynnau.<\/li>\n<li>Mae mynediad i\u2019r digwyddiad ar risg Deiliad y Tocyn ei hun. Ni fydd Eisteddfod Gerddorol Ryngwladol Llangollen yn atebol am unrhyw golled, anaf neu ddifrod a gafwyd yn y digwyddiad, gan gynnwys difrod, lladrad neu golledion i eiddo a cherbydau modur, os yw&#8217;r achos yn ganlyniad i esgeulustod deiliad y tocyn neu weithredoedd noddwyr neu drydydd part\u00efon eraill neu force majeure.<\/li>\n<li>Fel amod gwerthu, mae deiliaid tocynnau yn cytuno i gael eu ffilmio, tynnu eu llun a&#8217;u recordio ar gyfer teledu, radio, gwe-ddarllediad a darllediadau cyhoeddus eraill mewn unrhyw gyfrwng a\/neu ar gyfer unrhyw fideo neu DVD fel rhan o&#8217;r gynulleidfa a\/neu gan unrhyw gamer\u00e2u teledu cylch cyfyng a recordiadau a weithredir gan neu ar ran Eisteddfod Gerddorol Ryngwladol Llangollen at ddibenion diogelwch y cyhoedd.<\/li>\n<li>Mae&#8217;n amod o gael mynediad i&#8217;r sioe na allwch wneud unrhyw ddefnydd masnachol (nad yw&#8217;n breifat) o&#8217;r sioe neu unrhyw ran ohoni.<\/li>\n<li>Ni chaniateir c\u0175n ar y safle ac eithrio c\u0175n canllaw, c\u0175n cymorth a ch\u0175n clyw.<\/li>\n<li>Gwiriwch fanylion, amseriad a thaliadau meysydd parcio y digwyddiad cyn teithio gan y gall y rhain gael eu newid.<\/li>\n<li>Gwiriwch eich taith cyn cychwyn er mwyn sicrhau eich bod yn cyrraedd mewn pryd. Nid yw&#8217;r trefnwyr yn gyfrifol am unrhyw oedi o ganlyniad i darfu ar drefniadau teithio.<\/li>\n<li>Dylai unrhyw gwynion sy&#8217;n ymwneud \u00e2&#8217;r digwyddiad gael eu gwneud i swyddfa&#8217;r trefnydd yn brydlon, cyn neu yn ystod y digwyddiad.<\/li>\n<li>Bydd pob ymdrech yn cael ei wneud i dderbyn pobl sy\u2019n cyrraedd yn hwyr yn ystod toriad priodol ond ni ellir gwarantu mynediad pob tro.<\/li>\n<li>Ni chaniateir offer recordio yn ardaloedd perfformiad y digwyddiad.<\/li>\n<li>Bydd rhai o&#8217;r digwyddiadau yn cael eu cynnal yn yr awyr agored a bydd yn digwydd waeth beth yw&#8217;r tywydd (oni bai bod y swyddog diogelwch o&#8217;r farn nad yw hynny\u2019n ddiogel). Nid oes unrhyw ad-daliadau ar gyfer tywydd gwael. Rydym yn argymell yn gryf eich bod yn dod gwisgo&#8217;n briodol ar gyfer digwyddiad awyr agored ar yr adeg berthnasol o&#8217;r flwyddyn.<\/li>\n<li>Yn unol \u00e2&#8217;r gyfraith, nid oes caniat\u00e2d i ymwelwyr o dan 18 oed brynu neu samplo diodydd alcoholig neu gyllyll.<\/li>\n<\/ol>\n<p><\/p>","protected":false},"excerpt":{"rendered":"<p>Rydym wedi ymrwymo i gynnal digwyddiad Covid diogel. Mae gennym eisoes fesurau penodol ar waith i sicrhau bod ein cynulleidfaoedd yn cael eu hamddiffyn ac yn gallu ymlacio a mwynhau awyrgylch hyfryd yr \u0175yl, tra\u2019n gwybod bod pob rhagofal wedi\u2019i gymryd. Ar gyfer 2022 mae&#8217;r rhain yn cynnwys lleoliad llai, er mwyn sicrhau y gallwn&#8230;  <a class=\"excerpt-read-more\" href=\"https:\/\/international-eisteddfod.co.uk\/cy\/about-us\/contact\/terms-and-conditions\/\" title=\"Darllen Telerau ac Amodau Eisteddfod Gerddorol Ryngwladol Llangollen\">Darllen rhagor &raquo;<\/a><\/p>\n","protected":false},"author":32,"featured_media":0,"parent":52,"menu_order":0,"comment_status":"closed","ping_status":"closed","template":"page-fullwidth.php","meta":{"_acf_changed":false,"footnotes":"","_links_to":"","_links_to_target":""},"class_list":["post-2567","page","type-page","status-publish","hentry"],"acf":[],"yoast_head":"<!-- This site is optimized with the Yoast SEO plugin v27.4 - https:\/\/yoast.com\/product\/yoast-seo-wordpress\/ -->\n<title>Telerau ac Amodau Eisteddfod Gerddorol Ryngwladol Llangollen - Eisteddfod Gerddorol Ryngwladol Llangollen<\/title>\n<meta name=\"robots\" content=\"noindex, nofollow\" \/>\n<meta property=\"og:locale\" content=\"en_US\" \/>\n<meta property=\"og:type\" content=\"article\" \/>\n<meta property=\"og:title\" content=\"[:en]Ticket Terms and Conditions[:cy]Telerau ac Amodau Eisteddfod Gerddorol Ryngwladol Llangollen[:] - Eisteddfod Gerddorol Ryngwladol Llangollen\" \/>\n<meta property=\"og:description\" content=\"Rydym wedi ymrwymo i gynnal digwyddiad Covid diogel. Mae gennym eisoes fesurau penodol ar waith i sicrhau bod ein cynulleidfaoedd yn cael eu hamddiffyn ac yn gallu ymlacio a mwynhau awyrgylch hyfryd yr \u0175yl, tra\u2019n gwybod bod pob rhagofal wedi\u2019i gymryd. Ar gyfer 2022 mae&#8217;r rhain yn cynnwys lleoliad llai, er mwyn sicrhau y gallwn... Darllen rhagor &raquo;\" \/>\n<meta property=\"og:url\" content=\"https:\/\/international-eisteddfod.co.uk\/about-us\/contact\/terms-and-conditions\/\" \/>\n<meta property=\"og:site_name\" content=\"Eisteddfod Gerddorol Ryngwladol Llangollen\" \/>\n<meta property=\"article:publisher\" content=\"https:\/\/www.facebook.com\/llangollen\" \/>\n<meta property=\"article:modified_time\" content=\"2025-01-30T13:58:38+00:00\" \/>\n<meta name=\"twitter:card\" content=\"summary_large_image\" \/>\n<meta name=\"twitter:site\" content=\"@llangollen_Eist\" \/>\n<meta name=\"twitter:label1\" content=\"Est. reading time\" \/>\n\t<meta name=\"twitter:data1\" content=\"3 munud\" \/>\n<script type=\"application\/ld+json\" class=\"yoast-schema-graph\">{\"@context\":\"https:\\\/\\\/schema.org\",\"@graph\":[{\"@type\":\"WebPage\",\"@id\":\"https:\\\/\\\/international-eisteddfod.co.uk\\\/about-us\\\/contact\\\/terms-and-conditions\\\/\",\"url\":\"https:\\\/\\\/international-eisteddfod.co.uk\\\/about-us\\\/contact\\\/terms-and-conditions\\\/\",\"name\":\"[:en]Ticket Terms and Conditions[:cy]Telerau ac Amodau Eisteddfod Gerddorol Ryngwladol Llangollen[:] - Eisteddfod Gerddorol Ryngwladol Llangollen\",\"isPartOf\":{\"@id\":\"https:\\\/\\\/international-eisteddfod.co.uk\\\/#website\"},\"datePublished\":\"2015-05-21T13:29:49+00:00\",\"dateModified\":\"2025-01-30T13:58:38+00:00\",\"breadcrumb\":{\"@id\":\"https:\\\/\\\/international-eisteddfod.co.uk\\\/about-us\\\/contact\\\/terms-and-conditions\\\/#breadcrumb\"},\"inLanguage\":\"cy\",\"potentialAction\":[{\"@type\":\"ReadAction\",\"target\":[\"https:\\\/\\\/international-eisteddfod.co.uk\\\/about-us\\\/contact\\\/terms-and-conditions\\\/\"]}]},{\"@type\":\"BreadcrumbList\",\"@id\":\"https:\\\/\\\/international-eisteddfod.co.uk\\\/about-us\\\/contact\\\/terms-and-conditions\\\/#breadcrumb\",\"itemListElement\":[{\"@type\":\"ListItem\",\"position\":1,\"name\":\"Home\",\"item\":\"https:\\\/\\\/international-eisteddfod.co.uk\\\/\"},{\"@type\":\"ListItem\",\"position\":2,\"name\":\"ABOUT US\",\"item\":\"https:\\\/\\\/international-eisteddfod.co.uk\\\/about-us\\\/\"},{\"@type\":\"ListItem\",\"position\":3,\"name\":\"Contact us\",\"item\":\"https:\\\/\\\/international-eisteddfod.co.uk\\\/about-us\\\/contact\\\/\"},{\"@type\":\"ListItem\",\"position\":4,\"name\":\"Ticket Terms and Conditions\"}]},{\"@type\":\"WebSite\",\"@id\":\"https:\\\/\\\/international-eisteddfod.co.uk\\\/#website\",\"url\":\"https:\\\/\\\/international-eisteddfod.co.uk\\\/\",\"name\":\"Llangollen International Musical Eisteddfod\",\"description\":\"[:en]7 - 12 July 2026[:cy]7 - 12 Gorffenhaf 2025[:]\",\"publisher\":{\"@id\":\"https:\\\/\\\/international-eisteddfod.co.uk\\\/#organization\"},\"potentialAction\":[{\"@type\":\"SearchAction\",\"target\":{\"@type\":\"EntryPoint\",\"urlTemplate\":\"https:\\\/\\\/international-eisteddfod.co.uk\\\/?s={search_term_string}\"},\"query-input\":{\"@type\":\"PropertyValueSpecification\",\"valueRequired\":true,\"valueName\":\"search_term_string\"}}],\"inLanguage\":\"cy\"},{\"@type\":\"Organization\",\"@id\":\"https:\\\/\\\/international-eisteddfod.co.uk\\\/#organization\",\"name\":\"Llangollen International Musical Eisteddfod\",\"url\":\"https:\\\/\\\/international-eisteddfod.co.uk\\\/\",\"logo\":{\"@type\":\"ImageObject\",\"inLanguage\":\"cy\",\"@id\":\"https:\\\/\\\/international-eisteddfod.co.uk\\\/#\\\/schema\\\/logo\\\/image\\\/\",\"url\":\"https:\\\/\\\/i0.wp.com\\\/international-eisteddfod.co.uk\\\/wp-content\\\/uploads\\\/2024\\\/12\\\/2025-orange-full.jpg?fit=1024%2C341&ssl=1\",\"contentUrl\":\"https:\\\/\\\/i0.wp.com\\\/international-eisteddfod.co.uk\\\/wp-content\\\/uploads\\\/2024\\\/12\\\/2025-orange-full.jpg?fit=1024%2C341&ssl=1\",\"width\":1024,\"height\":341,\"caption\":\"Llangollen International Musical Eisteddfod\"},\"image\":{\"@id\":\"https:\\\/\\\/international-eisteddfod.co.uk\\\/#\\\/schema\\\/logo\\\/image\\\/\"},\"sameAs\":[\"https:\\\/\\\/www.facebook.com\\\/llangollen\",\"https:\\\/\\\/x.com\\\/llangollen_Eist\",\"https:\\\/\\\/www.linkedin.com\\\/in\\\/llangollen-international-musical-eisteddfod-376aa356\\\/\",\"https:\\\/\\\/www.youtube.com\\\/user\\\/Llangollen1947\"]}]}<\/script>\n<!-- \/ Yoast SEO plugin. -->","yoast_head_json":{"title":"[:en]Ticket Terms and Conditions[:cy]Telerau ac Amodau Eisteddfod Gerddorol Ryngwladol Llangollen[:] - Eisteddfod Gerddorol Ryngwladol Llangollen","robots":{"index":"noindex","follow":"nofollow"},"og_locale":"en_US","og_type":"article","og_title":"[:en]Ticket Terms and Conditions[:cy]Telerau ac Amodau Eisteddfod Gerddorol Ryngwladol Llangollen[:] - Eisteddfod Gerddorol Ryngwladol Llangollen","og_description":"Rydym wedi ymrwymo i gynnal digwyddiad Covid diogel. Mae gennym eisoes fesurau penodol ar waith i sicrhau bod ein cynulleidfaoedd yn cael eu hamddiffyn ac yn gallu ymlacio a mwynhau awyrgylch hyfryd yr \u0175yl, tra\u2019n gwybod bod pob rhagofal wedi\u2019i gymryd. Ar gyfer 2022 mae&#8217;r rhain yn cynnwys lleoliad llai, er mwyn sicrhau y gallwn... Darllen rhagor &raquo;","og_url":"https:\/\/international-eisteddfod.co.uk\/about-us\/contact\/terms-and-conditions\/","og_site_name":"Eisteddfod Gerddorol Ryngwladol Llangollen","article_publisher":"https:\/\/www.facebook.com\/llangollen","article_modified_time":"2025-01-30T13:58:38+00:00","twitter_card":"summary_large_image","twitter_site":"@llangollen_Eist","twitter_misc":{"Est. reading time":"3 munud"},"schema":{"@context":"https:\/\/schema.org","@graph":[{"@type":"WebPage","@id":"https:\/\/international-eisteddfod.co.uk\/about-us\/contact\/terms-and-conditions\/","url":"https:\/\/international-eisteddfod.co.uk\/about-us\/contact\/terms-and-conditions\/","name":"[:en]Ticket Terms and Conditions[:cy]Telerau ac Amodau Eisteddfod Gerddorol Ryngwladol Llangollen[:] - Eisteddfod Gerddorol Ryngwladol Llangollen","isPartOf":{"@id":"https:\/\/international-eisteddfod.co.uk\/#website"},"datePublished":"2015-05-21T13:29:49+00:00","dateModified":"2025-01-30T13:58:38+00:00","breadcrumb":{"@id":"https:\/\/international-eisteddfod.co.uk\/about-us\/contact\/terms-and-conditions\/#breadcrumb"},"inLanguage":"cy","potentialAction":[{"@type":"ReadAction","target":["https:\/\/international-eisteddfod.co.uk\/about-us\/contact\/terms-and-conditions\/"]}]},{"@type":"BreadcrumbList","@id":"https:\/\/international-eisteddfod.co.uk\/about-us\/contact\/terms-and-conditions\/#breadcrumb","itemListElement":[{"@type":"ListItem","position":1,"name":"Home","item":"https:\/\/international-eisteddfod.co.uk\/"},{"@type":"ListItem","position":2,"name":"ABOUT US","item":"https:\/\/international-eisteddfod.co.uk\/about-us\/"},{"@type":"ListItem","position":3,"name":"Contact us","item":"https:\/\/international-eisteddfod.co.uk\/about-us\/contact\/"},{"@type":"ListItem","position":4,"name":"Ticket Terms and Conditions"}]},{"@type":"WebSite","@id":"https:\/\/international-eisteddfod.co.uk\/#website","url":"https:\/\/international-eisteddfod.co.uk\/","name":"Llangollen International Musical Eisteddfod","description":"[:en]7 - 12 July 2026[:cy]7 - 12 Gorffenhaf 2025[:]","publisher":{"@id":"https:\/\/international-eisteddfod.co.uk\/#organization"},"potentialAction":[{"@type":"SearchAction","target":{"@type":"EntryPoint","urlTemplate":"https:\/\/international-eisteddfod.co.uk\/?s={search_term_string}"},"query-input":{"@type":"PropertyValueSpecification","valueRequired":true,"valueName":"search_term_string"}}],"inLanguage":"cy"},{"@type":"Organization","@id":"https:\/\/international-eisteddfod.co.uk\/#organization","name":"Llangollen International Musical Eisteddfod","url":"https:\/\/international-eisteddfod.co.uk\/","logo":{"@type":"ImageObject","inLanguage":"cy","@id":"https:\/\/international-eisteddfod.co.uk\/#\/schema\/logo\/image\/","url":"https:\/\/i0.wp.com\/international-eisteddfod.co.uk\/wp-content\/uploads\/2024\/12\/2025-orange-full.jpg?fit=1024%2C341&ssl=1","contentUrl":"https:\/\/i0.wp.com\/international-eisteddfod.co.uk\/wp-content\/uploads\/2024\/12\/2025-orange-full.jpg?fit=1024%2C341&ssl=1","width":1024,"height":341,"caption":"Llangollen International Musical Eisteddfod"},"image":{"@id":"https:\/\/international-eisteddfod.co.uk\/#\/schema\/logo\/image\/"},"sameAs":["https:\/\/www.facebook.com\/llangollen","https:\/\/x.com\/llangollen_Eist","https:\/\/www.linkedin.com\/in\/llangollen-international-musical-eisteddfod-376aa356\/","https:\/\/www.youtube.com\/user\/Llangollen1947"]}]}},"_links":{"self":[{"href":"https:\/\/international-eisteddfod.co.uk\/cy\/wp-json\/wp\/v2\/pages\/2567","targetHints":{"allow":["GET"]}}],"collection":[{"href":"https:\/\/international-eisteddfod.co.uk\/cy\/wp-json\/wp\/v2\/pages"}],"about":[{"href":"https:\/\/international-eisteddfod.co.uk\/cy\/wp-json\/wp\/v2\/types\/page"}],"author":[{"embeddable":true,"href":"https:\/\/international-eisteddfod.co.uk\/cy\/wp-json\/wp\/v2\/users\/32"}],"replies":[{"embeddable":true,"href":"https:\/\/international-eisteddfod.co.uk\/cy\/wp-json\/wp\/v2\/comments?post=2567"}],"version-history":[{"count":0,"href":"https:\/\/international-eisteddfod.co.uk\/cy\/wp-json\/wp\/v2\/pages\/2567\/revisions"}],"up":[{"embeddable":true,"href":"https:\/\/international-eisteddfod.co.uk\/cy\/wp-json\/wp\/v2\/pages\/52"}],"wp:attachment":[{"href":"https:\/\/international-eisteddfod.co.uk\/cy\/wp-json\/wp\/v2\/media?parent=2567"}],"curies":[{"name":"wp","href":"https:\/\/api.w.org\/{rel}","templated":true}]}}