{"id":40,"date":"2014-08-27T13:57:33","date_gmt":"2014-08-27T13:57:33","guid":{"rendered":"https:\/\/international-eisteddfod.co.uk\/?page_id=40"},"modified":"2025-01-20T15:57:14","modified_gmt":"2025-01-20T15:57:14","slug":"become-a-friend","status":"publish","type":"page","link":"https:\/\/international-eisteddfod.co.uk\/cy\/support-us\/become-a-friend\/","title":{"rendered":"Cyfeillion"},"content":{"rendered":"<p>Ymunwch ag elusen sy&#8217;n ymroddedig i lwyddiant yr \u0175yl yn y dyfodol. Ymunwch \u00e2 Chyfeillion Eisteddfod Gerddorol Ryngwladol Llangollen. Mae bod yn aelod o\u2019r cyfeillion yn ffordd wych o ddod yn gefnogwr a llysgennad yr \u0175yl. Diolch i&#8217;ch cyfraniadau a&#8217;ch cyfranogiad gweithredol, byddwch yn cael mynediad at fuddion eraill hefyd:<\/p>\n<ul>\n<li>Mwynhau archebu yn gynnar ar gyfer sesiynau diwrnod yr Eisteddfod a chyngherddau dethol<\/li>\n<li>Derbyn rhifynnau rheolaidd o gylchlythyr y Cyfeillion, Limelight<\/li>\n<li>Ewch i babell y Cyfeillion yn wythnos yr Eisteddfod, am luniaeth ac i gwrdd \u00e2 Ffrindiau eraill<\/li>\n<li>Helpwch ni i gynnal mwy o gystadlaethau gyda mwy o amrywiaeth<\/li>\n<li>Lledaenu dylanwad ac ap\u00eal yr Eisteddfod<\/li>\n<\/ul>\n<p>Mae Cyfeillion Eisteddfod Gerddorol Ryngwladol Llangollen wedi bodoli ers dros 50 mlynedd ac mae ei aelodau&#8217;n dod o bob cwr o&#8217;r byd. Yn y cyfnod hwnnw mae wedi codi dros \u00a3560,000 ar gyfer yr Eisteddfod, ac wedi dod yn rhan hanfodol o&#8217;r digwyddiad enwog hwn.<\/p>\n<p><a href=\"#SpektrixIFrame\">Ymunwch \u00e2 ni<\/a> a helpwch i sicrhau dyfodol yr Eisteddfod a&#8217;ch rhan ynddo.<\/p>\n<p>Diolch am eich cefnogaeth.<\/p>\n<p>Ff\u00f4n: 01978 862000 (Yr oriau agor yw dydd Llun i ddydd Iau 10am tan 2pm)<\/p>\n<p>E-bost: <a href=\"mailto:friends@llangollen.net\">friends@llangollen.net<\/a><\/p>\n<p>Post: Cyfeillion Eisteddfod Gerddorol Ryngwladol Llangollen, Pafiliwn Rhyngwladol Brenhinol, ffordd yr Abaty, Llangollen LL20 8SW<\/p>\n<p>&#8220;Mae bod yn aelod o FFRINDIAU yn fy ngalluogi i gefnogi&#8217;r \u0174yl wych hon. Mae fy rhodd fach, ynghyd \u00e2 rhoddion tebyg gan ei nifer o aelodau, yn cyfrannu at gyfraniad blynyddol mawr i gefnogi Cronfa Bwrsariaeth Cystadleuwyr yr Eisteddfod. Mae hyn yn caniat\u00e1u i grwpiau o wledydd economaidd tlotach ymweld \u00e2 G\u0175yl sy&#8217;n enwog ledled y byd. Mae hefyd yn dod \u00e2 mi i gysylltiad \u00e2 llawer o bobl o&#8217;r un anian, gan gyfarfod \u00e2 llawer ohonynt yn ystod wythnos yr \u0175yl.&#8221;<br \/>\nAelod o\u2019r CYFEILLION<\/p>","protected":false},"excerpt":{"rendered":"<p>Ymunwch ag elusen sy&#8217;n ymroddedig i lwyddiant yr \u0175yl yn y dyfodol. Ymunwch \u00e2 Chyfeillion Eisteddfod Gerddorol Ryngwladol Llangollen. Mae bod yn aelod o\u2019r cyfeillion yn ffordd wych o ddod yn gefnogwr a llysgennad yr \u0175yl. Diolch i&#8217;ch cyfraniadau a&#8217;ch cyfranogiad gweithredol, byddwch yn cael mynediad at fuddion eraill hefyd: Mwynhau archebu yn gynnar ar&#8230;  <a class=\"excerpt-read-more\" href=\"https:\/\/international-eisteddfod.co.uk\/cy\/support-us\/become-a-friend\/\" title=\"Darllen Cyfeillion\">Darllen rhagor &raquo;<\/a><\/p>\n","protected":false},"author":32,"featured_media":16889,"parent":16344,"menu_order":0,"comment_status":"closed","ping_status":"closed","template":"page-spektrix-memberships.php","meta":{"_acf_changed":false,"footnotes":"","_links_to":"","_links_to_target":""},"class_list":["post-40","page","type-page","status-publish","has-post-thumbnail","hentry"],"acf":[],"yoast_head":"<!-- This site is optimized with the Yoast SEO plugin v27.4 - https:\/\/yoast.com\/product\/yoast-seo-wordpress\/ -->\n<title>Cyfeillion - Eisteddfod Gerddorol Ryngwladol Llangollen<\/title>\n<meta name=\"description\" content=\"Join a charity dedicated to the future success of the festival. Join the Friends of Llangollen International Musical Eisteddfod (FLIME).\" \/>\n<meta name=\"robots\" content=\"index, follow, max-snippet:-1, max-image-preview:large, max-video-preview:-1\" \/>\n<link rel=\"canonical\" href=\"https:\/\/international-eisteddfod.co.uk\/support-us\/become-a-friend\/\" \/>\n<meta property=\"og:locale\" content=\"en_US\" \/>\n<meta property=\"og:type\" content=\"article\" \/>\n<meta property=\"og:title\" content=\"[:en]Friends[:cy]Cyfeillion[:] - Eisteddfod Gerddorol Ryngwladol Llangollen\" \/>\n<meta property=\"og:description\" content=\"Join a charity dedicated to the future success of the festival. Join the Friends of Llangollen International Musical Eisteddfod (FLIME).\" \/>\n<meta property=\"og:url\" content=\"https:\/\/international-eisteddfod.co.uk\/support-us\/become-a-friend\/\" \/>\n<meta property=\"og:site_name\" content=\"Eisteddfod Gerddorol Ryngwladol Llangollen\" \/>\n<meta property=\"article:publisher\" content=\"https:\/\/www.facebook.com\/llangollen\" \/>\n<meta property=\"article:modified_time\" content=\"2025-01-20T15:57:14+00:00\" \/>\n<meta property=\"og:image\" content=\"https:\/\/international-eisteddfod.co.uk\/wp-content\/uploads\/2023\/10\/Friends-banner.jpg\" \/>\n\t<meta property=\"og:image:width\" content=\"1843\" \/>\n\t<meta property=\"og:image:height\" content=\"1037\" \/>\n\t<meta property=\"og:image:type\" content=\"image\/jpeg\" \/>\n<meta name=\"twitter:card\" content=\"summary_large_image\" \/>\n<meta name=\"twitter:site\" content=\"@llangollen_Eist\" \/>\n<meta name=\"twitter:label1\" content=\"Est. reading time\" \/>\n\t<meta name=\"twitter:data1\" content=\"1 munud\" \/>\n<script type=\"application\/ld+json\" class=\"yoast-schema-graph\">{\"@context\":\"https:\\\/\\\/schema.org\",\"@graph\":[{\"@type\":\"WebPage\",\"@id\":\"https:\\\/\\\/international-eisteddfod.co.uk\\\/support-us\\\/become-a-friend\\\/\",\"url\":\"https:\\\/\\\/international-eisteddfod.co.uk\\\/support-us\\\/become-a-friend\\\/\",\"name\":\"[:en]Friends[:cy]Cyfeillion[:] - Eisteddfod Gerddorol Ryngwladol Llangollen\",\"isPartOf\":{\"@id\":\"https:\\\/\\\/international-eisteddfod.co.uk\\\/#website\"},\"primaryImageOfPage\":{\"@id\":\"https:\\\/\\\/international-eisteddfod.co.uk\\\/support-us\\\/become-a-friend\\\/#primaryimage\"},\"image\":{\"@id\":\"https:\\\/\\\/international-eisteddfod.co.uk\\\/support-us\\\/become-a-friend\\\/#primaryimage\"},\"thumbnailUrl\":\"https:\\\/\\\/i0.wp.com\\\/international-eisteddfod.co.uk\\\/wp-content\\\/uploads\\\/2023\\\/10\\\/Friends-banner.jpg?fit=1843%2C1037&ssl=1\",\"datePublished\":\"2014-08-27T13:57:33+00:00\",\"dateModified\":\"2025-01-20T15:57:14+00:00\",\"description\":\"Join a charity dedicated to the future success of the festival. Join the Friends of Llangollen International Musical Eisteddfod (FLIME).\",\"breadcrumb\":{\"@id\":\"https:\\\/\\\/international-eisteddfod.co.uk\\\/support-us\\\/become-a-friend\\\/#breadcrumb\"},\"inLanguage\":\"cy\",\"potentialAction\":[{\"@type\":\"ReadAction\",\"target\":[\"https:\\\/\\\/international-eisteddfod.co.uk\\\/support-us\\\/become-a-friend\\\/\"]}]},{\"@type\":\"ImageObject\",\"inLanguage\":\"cy\",\"@id\":\"https:\\\/\\\/international-eisteddfod.co.uk\\\/support-us\\\/become-a-friend\\\/#primaryimage\",\"url\":\"https:\\\/\\\/i0.wp.com\\\/international-eisteddfod.co.uk\\\/wp-content\\\/uploads\\\/2023\\\/10\\\/Friends-banner.jpg?fit=1843%2C1037&ssl=1\",\"contentUrl\":\"https:\\\/\\\/i0.wp.com\\\/international-eisteddfod.co.uk\\\/wp-content\\\/uploads\\\/2023\\\/10\\\/Friends-banner.jpg?fit=1843%2C1037&ssl=1\",\"width\":1843,\"height\":1037,\"caption\":\"Friends of Llangollen International Musical Eisteddfod\"},{\"@type\":\"BreadcrumbList\",\"@id\":\"https:\\\/\\\/international-eisteddfod.co.uk\\\/support-us\\\/become-a-friend\\\/#breadcrumb\",\"itemListElement\":[{\"@type\":\"ListItem\",\"position\":1,\"name\":\"Home\",\"item\":\"https:\\\/\\\/international-eisteddfod.co.uk\\\/\"},{\"@type\":\"ListItem\",\"position\":2,\"name\":\"Support Us\",\"item\":\"https:\\\/\\\/international-eisteddfod.co.uk\\\/support-us\\\/\"},{\"@type\":\"ListItem\",\"position\":3,\"name\":\"Friends\"}]},{\"@type\":\"WebSite\",\"@id\":\"https:\\\/\\\/international-eisteddfod.co.uk\\\/#website\",\"url\":\"https:\\\/\\\/international-eisteddfod.co.uk\\\/\",\"name\":\"Llangollen International Musical Eisteddfod\",\"description\":\"[:en]7 - 12 July 2026[:cy]7 - 12 Gorffenhaf 2025[:]\",\"publisher\":{\"@id\":\"https:\\\/\\\/international-eisteddfod.co.uk\\\/#organization\"},\"potentialAction\":[{\"@type\":\"SearchAction\",\"target\":{\"@type\":\"EntryPoint\",\"urlTemplate\":\"https:\\\/\\\/international-eisteddfod.co.uk\\\/?s={search_term_string}\"},\"query-input\":{\"@type\":\"PropertyValueSpecification\",\"valueRequired\":true,\"valueName\":\"search_term_string\"}}],\"inLanguage\":\"cy\"},{\"@type\":\"Organization\",\"@id\":\"https:\\\/\\\/international-eisteddfod.co.uk\\\/#organization\",\"name\":\"Llangollen International Musical Eisteddfod\",\"url\":\"https:\\\/\\\/international-eisteddfod.co.uk\\\/\",\"logo\":{\"@type\":\"ImageObject\",\"inLanguage\":\"cy\",\"@id\":\"https:\\\/\\\/international-eisteddfod.co.uk\\\/#\\\/schema\\\/logo\\\/image\\\/\",\"url\":\"https:\\\/\\\/i0.wp.com\\\/international-eisteddfod.co.uk\\\/wp-content\\\/uploads\\\/2024\\\/12\\\/2025-orange-full.jpg?fit=1024%2C341&ssl=1\",\"contentUrl\":\"https:\\\/\\\/i0.wp.com\\\/international-eisteddfod.co.uk\\\/wp-content\\\/uploads\\\/2024\\\/12\\\/2025-orange-full.jpg?fit=1024%2C341&ssl=1\",\"width\":1024,\"height\":341,\"caption\":\"Llangollen International Musical Eisteddfod\"},\"image\":{\"@id\":\"https:\\\/\\\/international-eisteddfod.co.uk\\\/#\\\/schema\\\/logo\\\/image\\\/\"},\"sameAs\":[\"https:\\\/\\\/www.facebook.com\\\/llangollen\",\"https:\\\/\\\/x.com\\\/llangollen_Eist\",\"https:\\\/\\\/www.linkedin.com\\\/in\\\/llangollen-international-musical-eisteddfod-376aa356\\\/\",\"https:\\\/\\\/www.youtube.com\\\/user\\\/Llangollen1947\"]}]}<\/script>\n<!-- \/ Yoast SEO plugin. -->","yoast_head_json":{"title":"[:en]Friends[:cy]Cyfeillion[:] - Eisteddfod Gerddorol Ryngwladol Llangollen","description":"Join a charity dedicated to the future success of the festival. Join the Friends of Llangollen International Musical Eisteddfod (FLIME).","robots":{"index":"index","follow":"follow","max-snippet":"max-snippet:-1","max-image-preview":"max-image-preview:large","max-video-preview":"max-video-preview:-1"},"canonical":"https:\/\/international-eisteddfod.co.uk\/support-us\/become-a-friend\/","og_locale":"en_US","og_type":"article","og_title":"[:en]Friends[:cy]Cyfeillion[:] - Eisteddfod Gerddorol Ryngwladol Llangollen","og_description":"Join a charity dedicated to the future success of the festival. Join the Friends of Llangollen International Musical Eisteddfod (FLIME).","og_url":"https:\/\/international-eisteddfod.co.uk\/support-us\/become-a-friend\/","og_site_name":"Eisteddfod Gerddorol Ryngwladol Llangollen","article_publisher":"https:\/\/www.facebook.com\/llangollen","article_modified_time":"2025-01-20T15:57:14+00:00","og_image":[{"width":1843,"height":1037,"url":"https:\/\/international-eisteddfod.co.uk\/wp-content\/uploads\/2023\/10\/Friends-banner.jpg","type":"image\/jpeg"}],"twitter_card":"summary_large_image","twitter_site":"@llangollen_Eist","twitter_misc":{"Est. reading time":"1 munud"},"schema":{"@context":"https:\/\/schema.org","@graph":[{"@type":"WebPage","@id":"https:\/\/international-eisteddfod.co.uk\/support-us\/become-a-friend\/","url":"https:\/\/international-eisteddfod.co.uk\/support-us\/become-a-friend\/","name":"[:en]Friends[:cy]Cyfeillion[:] - Eisteddfod Gerddorol Ryngwladol Llangollen","isPartOf":{"@id":"https:\/\/international-eisteddfod.co.uk\/#website"},"primaryImageOfPage":{"@id":"https:\/\/international-eisteddfod.co.uk\/support-us\/become-a-friend\/#primaryimage"},"image":{"@id":"https:\/\/international-eisteddfod.co.uk\/support-us\/become-a-friend\/#primaryimage"},"thumbnailUrl":"https:\/\/i0.wp.com\/international-eisteddfod.co.uk\/wp-content\/uploads\/2023\/10\/Friends-banner.jpg?fit=1843%2C1037&ssl=1","datePublished":"2014-08-27T13:57:33+00:00","dateModified":"2025-01-20T15:57:14+00:00","description":"Join a charity dedicated to the future success of the festival. Join the Friends of Llangollen International Musical Eisteddfod (FLIME).","breadcrumb":{"@id":"https:\/\/international-eisteddfod.co.uk\/support-us\/become-a-friend\/#breadcrumb"},"inLanguage":"cy","potentialAction":[{"@type":"ReadAction","target":["https:\/\/international-eisteddfod.co.uk\/support-us\/become-a-friend\/"]}]},{"@type":"ImageObject","inLanguage":"cy","@id":"https:\/\/international-eisteddfod.co.uk\/support-us\/become-a-friend\/#primaryimage","url":"https:\/\/i0.wp.com\/international-eisteddfod.co.uk\/wp-content\/uploads\/2023\/10\/Friends-banner.jpg?fit=1843%2C1037&ssl=1","contentUrl":"https:\/\/i0.wp.com\/international-eisteddfod.co.uk\/wp-content\/uploads\/2023\/10\/Friends-banner.jpg?fit=1843%2C1037&ssl=1","width":1843,"height":1037,"caption":"Friends of Llangollen International Musical Eisteddfod"},{"@type":"BreadcrumbList","@id":"https:\/\/international-eisteddfod.co.uk\/support-us\/become-a-friend\/#breadcrumb","itemListElement":[{"@type":"ListItem","position":1,"name":"Home","item":"https:\/\/international-eisteddfod.co.uk\/"},{"@type":"ListItem","position":2,"name":"Support Us","item":"https:\/\/international-eisteddfod.co.uk\/support-us\/"},{"@type":"ListItem","position":3,"name":"Friends"}]},{"@type":"WebSite","@id":"https:\/\/international-eisteddfod.co.uk\/#website","url":"https:\/\/international-eisteddfod.co.uk\/","name":"Llangollen International Musical Eisteddfod","description":"[:en]7 - 12 July 2026[:cy]7 - 12 Gorffenhaf 2025[:]","publisher":{"@id":"https:\/\/international-eisteddfod.co.uk\/#organization"},"potentialAction":[{"@type":"SearchAction","target":{"@type":"EntryPoint","urlTemplate":"https:\/\/international-eisteddfod.co.uk\/?s={search_term_string}"},"query-input":{"@type":"PropertyValueSpecification","valueRequired":true,"valueName":"search_term_string"}}],"inLanguage":"cy"},{"@type":"Organization","@id":"https:\/\/international-eisteddfod.co.uk\/#organization","name":"Llangollen International Musical Eisteddfod","url":"https:\/\/international-eisteddfod.co.uk\/","logo":{"@type":"ImageObject","inLanguage":"cy","@id":"https:\/\/international-eisteddfod.co.uk\/#\/schema\/logo\/image\/","url":"https:\/\/i0.wp.com\/international-eisteddfod.co.uk\/wp-content\/uploads\/2024\/12\/2025-orange-full.jpg?fit=1024%2C341&ssl=1","contentUrl":"https:\/\/i0.wp.com\/international-eisteddfod.co.uk\/wp-content\/uploads\/2024\/12\/2025-orange-full.jpg?fit=1024%2C341&ssl=1","width":1024,"height":341,"caption":"Llangollen International Musical Eisteddfod"},"image":{"@id":"https:\/\/international-eisteddfod.co.uk\/#\/schema\/logo\/image\/"},"sameAs":["https:\/\/www.facebook.com\/llangollen","https:\/\/x.com\/llangollen_Eist","https:\/\/www.linkedin.com\/in\/llangollen-international-musical-eisteddfod-376aa356\/","https:\/\/www.youtube.com\/user\/Llangollen1947"]}]}},"_links":{"self":[{"href":"https:\/\/international-eisteddfod.co.uk\/cy\/wp-json\/wp\/v2\/pages\/40","targetHints":{"allow":["GET"]}}],"collection":[{"href":"https:\/\/international-eisteddfod.co.uk\/cy\/wp-json\/wp\/v2\/pages"}],"about":[{"href":"https:\/\/international-eisteddfod.co.uk\/cy\/wp-json\/wp\/v2\/types\/page"}],"author":[{"embeddable":true,"href":"https:\/\/international-eisteddfod.co.uk\/cy\/wp-json\/wp\/v2\/users\/32"}],"replies":[{"embeddable":true,"href":"https:\/\/international-eisteddfod.co.uk\/cy\/wp-json\/wp\/v2\/comments?post=40"}],"version-history":[{"count":0,"href":"https:\/\/international-eisteddfod.co.uk\/cy\/wp-json\/wp\/v2\/pages\/40\/revisions"}],"up":[{"embeddable":true,"href":"https:\/\/international-eisteddfod.co.uk\/cy\/wp-json\/wp\/v2\/pages\/16344"}],"wp:featuredmedia":[{"embeddable":true,"href":"https:\/\/international-eisteddfod.co.uk\/cy\/wp-json\/wp\/v2\/media\/16889"}],"wp:attachment":[{"href":"https:\/\/international-eisteddfod.co.uk\/cy\/wp-json\/wp\/v2\/media?parent=40"}],"curies":[{"name":"wp","href":"https:\/\/api.w.org\/{rel}","templated":true}]}}