{"id":42,"date":"2014-08-27T13:57:47","date_gmt":"2014-08-27T13:57:47","guid":{"rendered":"https:\/\/international-eisteddfod.co.uk\/?page_id=42"},"modified":"2025-11-14T14:59:18","modified_gmt":"2025-11-14T14:59:18","slug":"volunteer","status":"publish","type":"page","link":"https:\/\/international-eisteddfod.co.uk\/cy\/take-part\/volunteer\/","title":{"rendered":"Gwirfoddoli"},"content":{"rendered":"<p>Yn Eisteddfod Gerddorol Ryngwladol Llangollen mae gennym gyfleoedd gwirfoddoli sy\u2019n addas ar gyfer ystod eang o ddiddordebau, sgiliau a galluoedd. Yn naturiol, rydym yn croesawu pobl sydd eisiau cymryd rhan yn ystod wythnos yr Eisteddfod ei hun, ond rydym hefyd yn awyddus i glywed gan unigolion a allai roi rhywfaint o\u2019u hamser trwy gydol y flwyddyn, gan fod digon i&#8217;w wneud bob amser!<\/p>\n<p>Mae sefydliad yr Eisteddfod yn cynnwys swm anhygoel o 800 o wirfoddolwyr mewn amrywiaeth o swyddogaethau, yn ogystal ag amryw o weithwyr swyddfa sy&#8217;n cymryd gofal o\u2019r ochr ariannol, gweinyddu a gwerthiant tocynnau. Mae yna drefn bwyllgorau, gyda phob pwyllgor yn ymdrin \u00e2 maes gwahanol o\u2019r sefydliad, o gyllid a thocynnau, i flodau ac archifau.<\/p>\n<p>Yn gyffredinol, mae gwirfoddolwyr yn aelodau o bwyllgor ac yn cael eu gwahodd i fynychu cyfarfodydd a digwyddiadau ar hyd y flwyddyn er mwyn trafod a datblygu cynlluniau, a rhoi eu mewnbwn gwerthfawr i baratoadau\u2019r Eisteddfod.<\/p>\n<h2><strong>Gwneud Cais <\/strong><\/h2>\n<p>Mae ceisiadau i wirfoddoli yn 2025 ynawr wedi cau. Mae cyfle i wirfoddoli am 2026 ar agor ar \u00f2l yr Eisteddfod a cadwch lygad ar agor am mwy o wybodaeth.<\/p>\n<p><strong>Cystadleuwyr<\/strong><\/p>\n<ul style=\"list-style-type: disc;\">\n<li>Gofalu am gystadleuwyr o&#8217;r DU a thramor i&#8217;w helpu gyda pharatoadau teithio, trosglwyddiadau, llety ac unrhyw faterion yn ystod eu cyfnod yn yr \u0175yl.<\/li>\n<li>Monitro a chefnogi ceisiadau am deitheb ar gyfer cystadleuwyr, gan gysylltu \u00e2&#8217;r Swyddfa Gartref a&#8217;r Swyddfa Basbort pan fo angen.<\/li>\n<li>Trefnu llety mewn gwestai, tai llety, ysgolion a chartrefi i gystadleuwyr.<\/li>\n<li>Croesawu grwpiau wrth gyrraedd maes yr Eisteddfod a darparu gwybodaeth, cefnogaeth a gwasanaethau dehongli iddynt pan fo angen.<\/li>\n<li>Gofalu am fagiau ac eiddo cystadleuwyr tra byddant yn perfformio.<\/li>\n<\/ul>\n<p><strong>Blodeuog<\/strong><\/p>\n<ul style=\"list-style-type: disc;\">\n<li>Arddangosiadau blodau: dylunio, creu, a gosod y trefniadau blodau trawiadol yn y prif bafiliwn ac ar y maes, , cychwyn bythefnos cyn y digwyddiad.<\/li>\n<li>Paratoi blodau a dail: casglu a pharatoi blodau a dail ar gyfer arddangosiadau a thuswau.<\/li>\n<li>Creu tuswau a phosiau: gwnewch drefniadau blodau i godi arian ar gyfer y Gronfa Flodau a&#8217;u cyflwyno i VIPs, artistiaid a noddwyr.<\/li>\n<li>Cynnal a chadw: edrych ar \u00f4l blodau trwy gydol yr \u0175yl.<\/li>\n<li>Gweithrediad stondin flodau: rhedeg y stondin flodau a gwerthu addurniadau, posiau, ac eitemau eraill i godi arian ar gyfer Blodau.<\/li>\n<li>Digwyddiadau codi arian: trefnwch 2-3 digwyddiad y flwyddyn yn cynnwys addurniadau blodau a chrefftau i gefnogi&#8217;r Gronfa Flodau.<\/li>\n<\/ul>\n<p><strong>Tiroedd<\/strong><\/p>\n<ul style=\"list-style-type: disc;\">\n<li>Rheoli safle<\/li>\n<li>Cynllunio\u2019r maes yr Eisteddfod.<\/li>\n<li>Rheoli&#8217;r holl faterion sy&#8217;n ymwneud \u00e2 gwasanaethau safle (adeiladu, cynfas, plymio, trydan ac ati)<\/li>\n<li>Rheoli contractwyr safle (adeiladu safle, cynfas, diogelwch ac ati)<\/li>\n<li>Parcio ceir a bysus.<\/li>\n<li>Iechyd a Diogelwch.<\/li>\n<li>Cyfathreba (switsfwrdd, ffonau, radios,CCTV )<\/li>\n<\/ul>\n<p><strong>Treftadaeth<\/strong><\/p>\n<ul style=\"list-style-type: disc;\">\n<li>Catalogio a rheoli arteffactau, llenyddiaeth, ffotograffau a ffilmiau&#8217;r Eisteddfod.<\/li>\n<li>Sefydlu arddangosfeydd o ddeunydd archif yn ystod wythnos yr Eisteddfod ac ar gyfer digwyddiadau eraill os oes angen.<\/li>\n<li>Ymchwil i Eisteddfodau&#8217;r gorffennol.<\/li>\n<li>Datblygu a rheoli archif electronig.<\/li>\n<\/ul>\n<p><strong>Marchnata<\/strong><\/p>\n<ul style=\"list-style-type: disc;\">\n<li>Gweithio i weithredu strategaeth Farchnata gyt\u00fbn trwy gymysgedd o farchnata uniongyrchol a hysbysebu gan gynnwys rhaglenni, taflenni a deunyddiau marchnata eraill.<\/li>\n<li>Gweithio gyda Chroeso Cymru a sefydliadau twristiaeth eraill ar ystod eang o weithgareddau twristiaeth.<\/li>\n<li>Mewnbwn i ddyluniad, cynnwys a dosbarthiad ystod eang o ddeunyddiau marchnata.<\/li>\n<li>Rheoli cynllun, cynnwys a dosbarthiad rhaglenni.<\/li>\n<li>Cyd-drefnu Par\u00ead yr Eisteddfod.<\/li>\n<li>Cynnal rhestr faner, baner ac arwyddion yr Eisteddfod a rheoli defnydd.<\/li>\n<li>Recriwtio, hyfforddi a threfnu Swyddogion Croeso a Gwerthwyr Rhaglenni mewn cydweithrediad \u00e2 sefydliadau addysg leol.<\/li>\n<li>Dylunio, adeiladu a staffio&#8217;r Ganolfan Ymwelwyr\/Gwybodaeth yn ystod wythnos yr Eisteddfod.<\/li>\n<li>Ymchwilio i nwyddau ar gyfer gwerthiannau LIME.<\/li>\n<li>Cytuno ar gyllideb gwerthu a chaffael eitemau nwyddau y cytunwyd arnynt a rheoli&#8217;r holl stoc.<\/li>\n<li>Trefnu, staffio a rheoli allfa nwyddau&#8217;r Ganolfan Ymwelwyr.<\/li>\n<li>Trefnu, dosbarthu a chasglu gwybodaeth adborth cwsmeriaid.<\/li>\n<li>Cydlynu a datblygu hyrwyddo LIME, sgyrsiau ac arddangosfeydd ar gyfer sefydliadau allanol.<\/li>\n<\/ul>\n<p><strong>Cerddoriaeth a Llwyfannu<\/strong><\/p>\n<p>Mae&#8217;r timau Cerddoriaeth a Llwyfannu yn gyfrifol am weithgareddau sy&#8217;n gysylltiedig \u00e2 chystadlaethau a pherfformiadau. Mae\u2019r rhain yn cynnwys:<\/p>\n<ul style=\"list-style-type: disc;\">\n<li>Cefnogaeth gan y Swyddfa Gerddoriaeth: mae&#8217;r t\u00eem hwn yn ymdrin \u00e2 thasgau megis cyfathrebu beirniadaethau, canlyniadau ac ati, ac amserlennu cystadlaethau.<\/li>\n<li>Hawlfraint: mae&#8217;r t\u00eem hawlfraint yn gyfrifol am wirio beth mae pob gr\u0175p yn ei berfformio ac ymdrin \u00e2 materion PRS (hawliau perfformio).<\/li>\n<li>Llwyfannau Allanol: mae sawl llwyfan allanol mewn gwahanol leoliadau ar y maes gyda pherfformiadau gan gystadleuwyr, rhai nad ydynt yn cystadlu, a rhai artistiaid proffesiynol. Mae gwirfoddolwyr yn gwneud gweithgareddau fel cyflwyno, sain a goleuo, a chefnogaeth gyffredinol.<\/li>\n<li>Rhagbrofion y Gystadleuaeth: cynhelir y rhain mewn gwahanol leoliadau o fewn y dref ac ar faes yr Eisteddfod cyn y cystadlaethau terfynol ar brif lwyfan y pafiliwn. Mae angen gwirfoddolwyr i stiwardio, gofalu am y beirniaid a gweithredu fel rhedwyr rhwng y lleoliad a\u2019r swyddfa gerddoriaeth ar y maes.<\/li>\n<li>Digwyddiadau yn y dref, allgymorth: mae&#8217;r rhain yn berfformiadau mewn lleoliadau amrywiol yn y dref ac o&#8217;i chwmpas. Mae gweithgareddau gwirfoddolwyr yn debyg i&#8217;r rhai sydd eu hangen ar gyfer llwyfannau allanol.<\/li>\n<li>Criw Llwyfan: mae t\u00eem y criw llwyfan yn ymdrin \u00e2 phob agwedd ar reoli cystadlaethau a pherfformiadau eraill ar y prif lwyfan yn y pafiliwn. Mae rolau gwirfoddolwyr yn cynnwys cydgysylltu \u00e2 dyfarnwyr, cysylltu \u00e2 chystadleuwyr a chydlynu cefn llwyfan (cystadleuwyr i mewn ac allan o&#8217;r ardal gefn llwyfan), a chriw ar y llwyfan.<\/li>\n<\/ul>\n<p><strong>Gr\u0175p y Pafiliwn<\/strong><\/p>\n<p><strong>Blaen y T\u0177<\/strong><\/p>\n<ul style=\"list-style-type: disc;\">\n<li>Gwirio&#8217;r cynllun seddi a gosod pennau rhesi a rhifau wrth seddi cyn digwyddiad.<\/li>\n<li>Sicrhau bod seddi&#8217;n l\u00e2n a bod y pafiliwn yn rhydd o sbwriel.<\/li>\n<li>Rheoli&#8217;r gwaith o redeg trefniadau&#8217;r pafiliwn o ddydd i ddydd.<\/li>\n<li>Seddi&#8217;r gynulleidfa, gyda chefnogaeth t\u00eem o dywyswyr o Ysgol Dinas Br\u00e2n.<\/li>\n<\/ul>\n<p><strong>Stiwardiaid<\/strong><\/p>\n<p>Ni yw\u2019r brif bobl y mae\u2019r cyhoedd yn ymgysylltu \u00e2 nhw a byddwch yn cyfarfod ac yn siarad ag ystod eang o ymwelwyr, yn gyhoeddus ac yn gystadleuwyr, o bob rhan o\u2019r byd.<\/p>\n<p>Fel stiwardiaid mae ein prif ddyletswyddau yn cynnwys:<\/p>\n<ul style=\"list-style-type: disc;\">\n<li>Sefyll wrth fynedfeydd i wirio tocynnau<\/li>\n<li>Atal aflonyddwch perfformiadau<\/li>\n<li>Helpu cwsmeriaid i ddod o hyd i&#8217;w seddi<\/li>\n<li>Sicrhau bod y llwybrau cerdded yn glir<\/li>\n<li>Bod yn weladwy ar ddyletswydd a dyletswyddau cylchdroi ymhlith eich cyd-stiwardiaid<\/li>\n<li>Darparu gwybodaeth a chymorth i&#8217;r cyhoedd a chystadleuwyr<\/li>\n<li>Ymateb i argyfyngau<\/li>\n<\/ul>\n<p><strong>Tocynnau<\/strong><\/p>\n<ul style=\"list-style-type: disc;\">\n<li>Helpu\u2019r staff y swyddfa gyda gwerthu tocynnau a gweinyddu trwy gydol y flwyddyn<\/li>\n<li>Staffio&#8217;r brif fynedfa a chroesawu ymwelwyr i&#8217;r maes a gwirio tocynnau<\/li>\n<li>Staffio swyddfeydd tocynnau yn ystod wythnos yr Eisteddfod, gwerthu tocynnau dydd a chyngerddau ac unrhyw ymholiadau.<\/li>\n<\/ul>\n<p><\/p>","protected":false},"excerpt":{"rendered":"<p>Yn Eisteddfod Gerddorol Ryngwladol Llangollen mae gennym gyfleoedd gwirfoddoli sy\u2019n addas ar gyfer ystod eang o ddiddordebau, sgiliau a galluoedd. Yn naturiol, rydym yn croesawu pobl sydd eisiau cymryd rhan yn ystod wythnos yr Eisteddfod ei hun, ond rydym hefyd yn awyddus i glywed gan unigolion a allai roi rhywfaint o\u2019u hamser trwy gydol y&#8230;  <a class=\"excerpt-read-more\" href=\"https:\/\/international-eisteddfod.co.uk\/cy\/take-part\/volunteer\/\" title=\"Darllen Gwirfoddoli\">Darllen rhagor &raquo;<\/a><\/p>\n","protected":false},"author":32,"featured_media":0,"parent":38,"menu_order":0,"comment_status":"closed","ping_status":"closed","template":"","meta":{"_acf_changed":false,"footnotes":"","_links_to":"","_links_to_target":""},"class_list":["post-42","page","type-page","status-publish","hentry"],"acf":[],"yoast_head":"<!-- This site is optimized with the Yoast SEO plugin v27.4 - https:\/\/yoast.com\/product\/yoast-seo-wordpress\/ -->\n<title>Gwirfoddoli - Eisteddfod Gerddorol Ryngwladol Llangollen<\/title>\n<meta name=\"description\" content=\"Volunteers are generally members of a committee and are invited to attend meetings and events throughout the year\" \/>\n<meta name=\"robots\" content=\"index, follow, max-snippet:-1, max-image-preview:large, max-video-preview:-1\" \/>\n<link rel=\"canonical\" href=\"https:\/\/international-eisteddfod.co.uk\/take-part\/volunteer\/\" \/>\n<meta property=\"og:locale\" content=\"en_US\" \/>\n<meta property=\"og:type\" content=\"article\" \/>\n<meta property=\"og:title\" content=\"[:en]Volunteer[:cy]Gwirfoddoli[:] - Eisteddfod Gerddorol Ryngwladol Llangollen\" \/>\n<meta property=\"og:description\" content=\"Volunteers are generally members of a committee and are invited to attend meetings and events throughout the year\" \/>\n<meta property=\"og:url\" content=\"https:\/\/international-eisteddfod.co.uk\/take-part\/volunteer\/\" \/>\n<meta property=\"og:site_name\" content=\"Eisteddfod Gerddorol Ryngwladol Llangollen\" \/>\n<meta property=\"article:publisher\" content=\"https:\/\/www.facebook.com\/llangollen\" \/>\n<meta property=\"article:modified_time\" content=\"2025-11-14T14:59:18+00:00\" \/>\n<meta name=\"twitter:card\" content=\"summary_large_image\" \/>\n<meta name=\"twitter:site\" content=\"@llangollen_Eist\" \/>\n<meta name=\"twitter:label1\" content=\"Est. reading time\" \/>\n\t<meta name=\"twitter:data1\" content=\"5 munud\" \/>\n<script type=\"application\/ld+json\" class=\"yoast-schema-graph\">{\"@context\":\"https:\\\/\\\/schema.org\",\"@graph\":[{\"@type\":\"WebPage\",\"@id\":\"https:\\\/\\\/international-eisteddfod.co.uk\\\/take-part\\\/volunteer\\\/\",\"url\":\"https:\\\/\\\/international-eisteddfod.co.uk\\\/take-part\\\/volunteer\\\/\",\"name\":\"[:en]Volunteer[:cy]Gwirfoddoli[:] - Eisteddfod Gerddorol Ryngwladol Llangollen\",\"isPartOf\":{\"@id\":\"https:\\\/\\\/international-eisteddfod.co.uk\\\/#website\"},\"datePublished\":\"2014-08-27T13:57:47+00:00\",\"dateModified\":\"2025-11-14T14:59:18+00:00\",\"description\":\"Volunteers are generally members of a committee and are invited to attend meetings and events throughout the year\",\"breadcrumb\":{\"@id\":\"https:\\\/\\\/international-eisteddfod.co.uk\\\/take-part\\\/volunteer\\\/#breadcrumb\"},\"inLanguage\":\"cy\",\"potentialAction\":[{\"@type\":\"ReadAction\",\"target\":[\"https:\\\/\\\/international-eisteddfod.co.uk\\\/take-part\\\/volunteer\\\/\"]}]},{\"@type\":\"BreadcrumbList\",\"@id\":\"https:\\\/\\\/international-eisteddfod.co.uk\\\/take-part\\\/volunteer\\\/#breadcrumb\",\"itemListElement\":[{\"@type\":\"ListItem\",\"position\":1,\"name\":\"Home\",\"item\":\"https:\\\/\\\/international-eisteddfod.co.uk\\\/\"},{\"@type\":\"ListItem\",\"position\":2,\"name\":\"Take Part\",\"item\":\"https:\\\/\\\/international-eisteddfod.co.uk\\\/take-part\\\/\"},{\"@type\":\"ListItem\",\"position\":3,\"name\":\"Volunteer\"}]},{\"@type\":\"WebSite\",\"@id\":\"https:\\\/\\\/international-eisteddfod.co.uk\\\/#website\",\"url\":\"https:\\\/\\\/international-eisteddfod.co.uk\\\/\",\"name\":\"Llangollen International Musical Eisteddfod\",\"description\":\"[:en]7 - 12 July 2026[:cy]7 - 12 Gorffenhaf 2025[:]\",\"publisher\":{\"@id\":\"https:\\\/\\\/international-eisteddfod.co.uk\\\/#organization\"},\"potentialAction\":[{\"@type\":\"SearchAction\",\"target\":{\"@type\":\"EntryPoint\",\"urlTemplate\":\"https:\\\/\\\/international-eisteddfod.co.uk\\\/?s={search_term_string}\"},\"query-input\":{\"@type\":\"PropertyValueSpecification\",\"valueRequired\":true,\"valueName\":\"search_term_string\"}}],\"inLanguage\":\"cy\"},{\"@type\":\"Organization\",\"@id\":\"https:\\\/\\\/international-eisteddfod.co.uk\\\/#organization\",\"name\":\"Llangollen International Musical Eisteddfod\",\"url\":\"https:\\\/\\\/international-eisteddfod.co.uk\\\/\",\"logo\":{\"@type\":\"ImageObject\",\"inLanguage\":\"cy\",\"@id\":\"https:\\\/\\\/international-eisteddfod.co.uk\\\/#\\\/schema\\\/logo\\\/image\\\/\",\"url\":\"https:\\\/\\\/i0.wp.com\\\/international-eisteddfod.co.uk\\\/wp-content\\\/uploads\\\/2024\\\/12\\\/2025-orange-full.jpg?fit=1024%2C341&ssl=1\",\"contentUrl\":\"https:\\\/\\\/i0.wp.com\\\/international-eisteddfod.co.uk\\\/wp-content\\\/uploads\\\/2024\\\/12\\\/2025-orange-full.jpg?fit=1024%2C341&ssl=1\",\"width\":1024,\"height\":341,\"caption\":\"Llangollen International Musical Eisteddfod\"},\"image\":{\"@id\":\"https:\\\/\\\/international-eisteddfod.co.uk\\\/#\\\/schema\\\/logo\\\/image\\\/\"},\"sameAs\":[\"https:\\\/\\\/www.facebook.com\\\/llangollen\",\"https:\\\/\\\/x.com\\\/llangollen_Eist\",\"https:\\\/\\\/www.linkedin.com\\\/in\\\/llangollen-international-musical-eisteddfod-376aa356\\\/\",\"https:\\\/\\\/www.youtube.com\\\/user\\\/Llangollen1947\"]}]}<\/script>\n<!-- \/ Yoast SEO plugin. -->","yoast_head_json":{"title":"[:en]Volunteer[:cy]Gwirfoddoli[:] - Eisteddfod Gerddorol Ryngwladol Llangollen","description":"Volunteers are generally members of a committee and are invited to attend meetings and events throughout the year","robots":{"index":"index","follow":"follow","max-snippet":"max-snippet:-1","max-image-preview":"max-image-preview:large","max-video-preview":"max-video-preview:-1"},"canonical":"https:\/\/international-eisteddfod.co.uk\/take-part\/volunteer\/","og_locale":"en_US","og_type":"article","og_title":"[:en]Volunteer[:cy]Gwirfoddoli[:] - Eisteddfod Gerddorol Ryngwladol Llangollen","og_description":"Volunteers are generally members of a committee and are invited to attend meetings and events throughout the year","og_url":"https:\/\/international-eisteddfod.co.uk\/take-part\/volunteer\/","og_site_name":"Eisteddfod Gerddorol Ryngwladol Llangollen","article_publisher":"https:\/\/www.facebook.com\/llangollen","article_modified_time":"2025-11-14T14:59:18+00:00","twitter_card":"summary_large_image","twitter_site":"@llangollen_Eist","twitter_misc":{"Est. reading time":"5 munud"},"schema":{"@context":"https:\/\/schema.org","@graph":[{"@type":"WebPage","@id":"https:\/\/international-eisteddfod.co.uk\/take-part\/volunteer\/","url":"https:\/\/international-eisteddfod.co.uk\/take-part\/volunteer\/","name":"[:en]Volunteer[:cy]Gwirfoddoli[:] - Eisteddfod Gerddorol Ryngwladol Llangollen","isPartOf":{"@id":"https:\/\/international-eisteddfod.co.uk\/#website"},"datePublished":"2014-08-27T13:57:47+00:00","dateModified":"2025-11-14T14:59:18+00:00","description":"Volunteers are generally members of a committee and are invited to attend meetings and events throughout the year","breadcrumb":{"@id":"https:\/\/international-eisteddfod.co.uk\/take-part\/volunteer\/#breadcrumb"},"inLanguage":"cy","potentialAction":[{"@type":"ReadAction","target":["https:\/\/international-eisteddfod.co.uk\/take-part\/volunteer\/"]}]},{"@type":"BreadcrumbList","@id":"https:\/\/international-eisteddfod.co.uk\/take-part\/volunteer\/#breadcrumb","itemListElement":[{"@type":"ListItem","position":1,"name":"Home","item":"https:\/\/international-eisteddfod.co.uk\/"},{"@type":"ListItem","position":2,"name":"Take Part","item":"https:\/\/international-eisteddfod.co.uk\/take-part\/"},{"@type":"ListItem","position":3,"name":"Volunteer"}]},{"@type":"WebSite","@id":"https:\/\/international-eisteddfod.co.uk\/#website","url":"https:\/\/international-eisteddfod.co.uk\/","name":"Llangollen International Musical Eisteddfod","description":"[:en]7 - 12 July 2026[:cy]7 - 12 Gorffenhaf 2025[:]","publisher":{"@id":"https:\/\/international-eisteddfod.co.uk\/#organization"},"potentialAction":[{"@type":"SearchAction","target":{"@type":"EntryPoint","urlTemplate":"https:\/\/international-eisteddfod.co.uk\/?s={search_term_string}"},"query-input":{"@type":"PropertyValueSpecification","valueRequired":true,"valueName":"search_term_string"}}],"inLanguage":"cy"},{"@type":"Organization","@id":"https:\/\/international-eisteddfod.co.uk\/#organization","name":"Llangollen International Musical Eisteddfod","url":"https:\/\/international-eisteddfod.co.uk\/","logo":{"@type":"ImageObject","inLanguage":"cy","@id":"https:\/\/international-eisteddfod.co.uk\/#\/schema\/logo\/image\/","url":"https:\/\/i0.wp.com\/international-eisteddfod.co.uk\/wp-content\/uploads\/2024\/12\/2025-orange-full.jpg?fit=1024%2C341&ssl=1","contentUrl":"https:\/\/i0.wp.com\/international-eisteddfod.co.uk\/wp-content\/uploads\/2024\/12\/2025-orange-full.jpg?fit=1024%2C341&ssl=1","width":1024,"height":341,"caption":"Llangollen International Musical Eisteddfod"},"image":{"@id":"https:\/\/international-eisteddfod.co.uk\/#\/schema\/logo\/image\/"},"sameAs":["https:\/\/www.facebook.com\/llangollen","https:\/\/x.com\/llangollen_Eist","https:\/\/www.linkedin.com\/in\/llangollen-international-musical-eisteddfod-376aa356\/","https:\/\/www.youtube.com\/user\/Llangollen1947"]}]}},"_links":{"self":[{"href":"https:\/\/international-eisteddfod.co.uk\/cy\/wp-json\/wp\/v2\/pages\/42","targetHints":{"allow":["GET"]}}],"collection":[{"href":"https:\/\/international-eisteddfod.co.uk\/cy\/wp-json\/wp\/v2\/pages"}],"about":[{"href":"https:\/\/international-eisteddfod.co.uk\/cy\/wp-json\/wp\/v2\/types\/page"}],"author":[{"embeddable":true,"href":"https:\/\/international-eisteddfod.co.uk\/cy\/wp-json\/wp\/v2\/users\/32"}],"replies":[{"embeddable":true,"href":"https:\/\/international-eisteddfod.co.uk\/cy\/wp-json\/wp\/v2\/comments?post=42"}],"version-history":[{"count":0,"href":"https:\/\/international-eisteddfod.co.uk\/cy\/wp-json\/wp\/v2\/pages\/42\/revisions"}],"up":[{"embeddable":true,"href":"https:\/\/international-eisteddfod.co.uk\/cy\/wp-json\/wp\/v2\/pages\/38"}],"wp:attachment":[{"href":"https:\/\/international-eisteddfod.co.uk\/cy\/wp-json\/wp\/v2\/media?parent=42"}],"curies":[{"name":"wp","href":"https:\/\/api.w.org\/{rel}","templated":true}]}}